{"id":5010,"date":"2021-12-17T07:30:20","date_gmt":"2021-12-17T07:30:20","guid":{"rendered":"https:\/\/cicero-management-akademie.de\/benutzerkonto\/"},"modified":"2023-03-10T09:57:27","modified_gmt":"2023-03-10T09:57:27","slug":"benutzerkonto","status":"publish","type":"page","link":"https:\/\/cicero-management-akademie.de\/en\/benutzerkonto\/","title":{"rendered":"Benutzerkonto"},"content":{"rendered":"<div data-elementor-type=\"wp-page\" data-elementor-id=\"5010\" class=\"elementor elementor-5010\">\n\t\t\t\t\t\t\t\t\t<section class=\"elementor-section elementor-top-section elementor-element elementor-element-b3ac06d elementor-section-boxed elementor-section-height-default elementor-section-height-default\" data-id=\"b3ac06d\" data-element_type=\"section\">\n\t\t\t\t\t\t<div class=\"elementor-container elementor-column-gap-default\">\n\t\t\t\t\t<div class=\"elementor-column elementor-col-50 elementor-top-column elementor-element elementor-element-ac4e019\" data-id=\"ac4e019\" data-element_type=\"column\">\n\t\t\t<div class=\"elementor-widget-wrap elementor-element-populated\">\n\t\t\t\t\t\t\t\t<div class=\"elementor-element elementor-element-f010569 elementor-widget elementor-widget-heading\" data-id=\"f010569\" data-element_type=\"widget\" data-widget_type=\"heading.default\">\n\t\t\t\t<div class=\"elementor-widget-container\">\n\t\t\t<style>\/*! elementor - v3.18.0 - 20-12-2023 *\/\n.elementor-heading-title{padding:0;margin:0;line-height:1}.elementor-widget-heading .elementor-heading-title[class*=elementor-size-]>a{color:inherit;font-size:inherit;line-height:inherit}.elementor-widget-heading .elementor-heading-title.elementor-size-small{font-size:15px}.elementor-widget-heading .elementor-heading-title.elementor-size-medium{font-size:19px}.elementor-widget-heading .elementor-heading-title.elementor-size-large{font-size:29px}.elementor-widget-heading .elementor-heading-title.elementor-size-xl{font-size:39px}.elementor-widget-heading .elementor-heading-title.elementor-size-xxl{font-size:59px}<\/style><h2 class=\"elementor-heading-title elementor-size-default\">1.<\/h2>\t\t<\/div>\n\t\t\t\t<\/div>\n\t\t\t\t\t<\/div>\n\t\t<\/div>\n\t\t\t\t<div class=\"elementor-column elementor-col-50 elementor-top-column elementor-element elementor-element-74ea69f\" data-id=\"74ea69f\" data-element_type=\"column\">\n\t\t\t<div class=\"elementor-widget-wrap elementor-element-populated\">\n\t\t\t\t\t\t\t\t<div class=\"elementor-element elementor-element-9fa3dee elementor-widget elementor-widget-heading\" data-id=\"9fa3dee\" data-element_type=\"widget\" data-widget_type=\"heading.default\">\n\t\t\t\t<div class=\"elementor-widget-container\">\n\t\t\t<h2 class=\"elementor-heading-title elementor-size-default\">Rejoignez le Cicero Management CLUB !\n<\/h2>\t\t<\/div>\n\t\t\t\t<\/div>\n\t\t\t\t<div class=\"elementor-element elementor-element-24f662b elementor-widget elementor-widget-text-editor\" data-id=\"24f662b\" data-element_type=\"widget\" data-widget_type=\"text-editor.default\">\n\t\t\t\t<div class=\"elementor-widget-container\">\n\t\t\t<style>\/*! elementor - v3.18.0 - 20-12-2023 *\/\n.elementor-widget-text-editor.elementor-drop-cap-view-stacked .elementor-drop-cap{background-color:#69727d;color:#fff}.elementor-widget-text-editor.elementor-drop-cap-view-framed .elementor-drop-cap{color:#69727d;border:3px solid;background-color:transparent}.elementor-widget-text-editor:not(.elementor-drop-cap-view-default) .elementor-drop-cap{margin-top:8px}.elementor-widget-text-editor:not(.elementor-drop-cap-view-default) .elementor-drop-cap-letter{width:1em;height:1em}.elementor-widget-text-editor .elementor-drop-cap{float:left;text-align:center;line-height:1;font-size:50px}.elementor-widget-text-editor .elementor-drop-cap-letter{display:inline-block}<\/style>\t\t\t\t<p>Saisissez vos donn\u00e9es d&rsquo;identit\u00e9 et de contact pour pouvoir cr\u00e9er votre profil.<\/p>\n\t\t\t\t\t\t<\/div>\n\t\t\t\t<\/div>\n\t\t\t\t\t<\/div>\n\t\t<\/div>\n\t\t\t\t\t\t\t<\/div>\n\t\t<\/section>\n\t\t\t\t<section class=\"elementor-section elementor-top-section elementor-element elementor-element-0ee097e elementor-section-boxed elementor-section-height-default elementor-section-height-default\" data-id=\"0ee097e\" data-element_type=\"section\">\n\t\t\t\t\t\t<div class=\"elementor-container elementor-column-gap-default\">\n\t\t\t\t\t<div class=\"elementor-column elementor-col-50 elementor-top-column elementor-element elementor-element-07ecb98\" data-id=\"07ecb98\" data-element_type=\"column\">\n\t\t\t<div class=\"elementor-widget-wrap elementor-element-populated\">\n\t\t\t\t\t\t\t\t<div class=\"elementor-element elementor-element-e461ffd elementor-widget elementor-widget-heading\" data-id=\"e461ffd\" data-element_type=\"widget\" data-widget_type=\"heading.default\">\n\t\t\t\t<div class=\"elementor-widget-container\">\n\t\t\t<h2 class=\"elementor-heading-title elementor-size-default\">2.<\/h2>\t\t<\/div>\n\t\t\t\t<\/div>\n\t\t\t\t\t<\/div>\n\t\t<\/div>\n\t\t\t\t<div class=\"elementor-column elementor-col-50 elementor-top-column elementor-element elementor-element-5098736\" data-id=\"5098736\" data-element_type=\"column\">\n\t\t\t<div class=\"elementor-widget-wrap elementor-element-populated\">\n\t\t\t\t\t\t\t\t<div class=\"elementor-element elementor-element-9603bc4 elementor-widget elementor-widget-heading\" data-id=\"9603bc4\" data-element_type=\"widget\" data-widget_type=\"heading.default\">\n\t\t\t\t<div class=\"elementor-widget-container\">\n\t\t\t<h2 class=\"elementor-heading-title elementor-size-default\">T\u00c9L\u00c9CHARGEZ VOS DOCUMENTS DE V\u00c9RIFICATION !<\/h2>\t\t<\/div>\n\t\t\t\t<\/div>\n\t\t\t\t<div class=\"elementor-element elementor-element-7b5fe77 elementor-widget elementor-widget-text-editor\" data-id=\"7b5fe77\" data-element_type=\"widget\" data-widget_type=\"text-editor.default\">\n\t\t\t\t<div class=\"elementor-widget-container\">\n\t\t\t\t\t\t\t<p>T\u00e9l\u00e9chargez vos documents de v\u00e9rification: CV, dernier Dipl\u00f4me ou Certificat, une pi\u00e8ce d&rsquo;identit\u00e9 officielle.\u00a0<\/p>\n\t\t\t\t\t\t<\/div>\n\t\t\t\t<\/div>\n\t\t\t\t\t<\/div>\n\t\t<\/div>\n\t\t\t\t\t\t\t<\/div>\n\t\t<\/section>\n\t\t\t\t<section class=\"elementor-section elementor-top-section elementor-element elementor-element-53037e6 elementor-section-boxed elementor-section-height-default elementor-section-height-default\" data-id=\"53037e6\" data-element_type=\"section\">\n\t\t\t\t\t\t<div class=\"elementor-container elementor-column-gap-default\">\n\t\t\t\t\t<div class=\"elementor-column elementor-col-50 elementor-top-column elementor-element elementor-element-4da62ae\" data-id=\"4da62ae\" data-element_type=\"column\">\n\t\t\t<div class=\"elementor-widget-wrap elementor-element-populated\">\n\t\t\t\t\t\t\t\t<div class=\"elementor-element elementor-element-3de24be elementor-widget elementor-widget-heading\" data-id=\"3de24be\" data-element_type=\"widget\" data-widget_type=\"heading.default\">\n\t\t\t\t<div class=\"elementor-widget-container\">\n\t\t\t<h2 class=\"elementor-heading-title elementor-size-default\">3.<\/h2>\t\t<\/div>\n\t\t\t\t<\/div>\n\t\t\t\t\t<\/div>\n\t\t<\/div>\n\t\t\t\t<div class=\"elementor-column elementor-col-50 elementor-top-column elementor-element elementor-element-0e3664c\" data-id=\"0e3664c\" data-element_type=\"column\">\n\t\t\t<div class=\"elementor-widget-wrap elementor-element-populated\">\n\t\t\t\t\t\t\t\t<div class=\"elementor-element elementor-element-bb2907c elementor-widget elementor-widget-heading\" data-id=\"bb2907c\" data-element_type=\"widget\" data-widget_type=\"heading.default\">\n\t\t\t\t<div class=\"elementor-widget-container\">\n\t\t\t<h2 class=\"elementor-heading-title elementor-size-default\">V\u00e9rification<\/h2>\t\t<\/div>\n\t\t\t\t<\/div>\n\t\t\t\t<div class=\"elementor-element elementor-element-8340b26 elementor-widget elementor-widget-text-editor\" data-id=\"8340b26\" data-element_type=\"widget\" data-widget_type=\"text-editor.default\">\n\t\t\t\t<div class=\"elementor-widget-container\">\n\t\t\t\t\t\t\t<p>Apr\u00e8s v\u00e9rification et autorisation, un lien vous sera automatiquement envoy\u00e9 par e-mail dans les 48 heures ouvrables pour pouvoir consulter votre profil.<\/p>\n\t\t\t\t\t\t<\/div>\n\t\t\t\t<\/div>\n\t\t\t\t\t<\/div>\n\t\t<\/div>\n\t\t\t\t\t\t\t<\/div>\n\t\t<\/section>\n\t\t\t\t\t\t\t<\/div>","protected":false},"excerpt":{"rendered":"<p>1. Rejoignez le Cicero Management CLUB ! Saisissez vos donn\u00e9es d&rsquo;identit\u00e9 et de contact pour pouvoir cr\u00e9er votre profil. 2. T\u00c9L\u00c9CHARGEZ VOS DOCUMENTS DE V\u00c9RIFICATION ! T\u00e9l\u00e9chargez vos documents de v\u00e9rification: CV, dernier Dipl\u00f4me ou Certificat, une pi\u00e8ce d&rsquo;identit\u00e9 officielle.\u00a0 3. V\u00e9rification Apr\u00e8s v\u00e9rification et autorisation, un lien vous sera automatiquement envoy\u00e9 par e-mail dans [&hellip;]<\/p>","protected":false},"author":1,"featured_media":0,"parent":0,"menu_order":0,"comment_status":"closed","ping_status":"closed","template":"","meta":{"pmpro_default_level":0,"footnotes":""},"yoast_head":"<!-- This site is optimized with the Yoast SEO plugin v21.7 - https:\/\/yoast.com\/wordpress\/plugins\/seo\/ -->\n<title>Benutzerkonto - CiceroManagementAkademie<\/title>\n<meta name=\"robots\" content=\"noindex, nofollow\" \/>\n<meta property=\"og:locale\" content=\"en_US\" \/>\n<meta property=\"og:type\" content=\"article\" \/>\n<meta property=\"og:title\" content=\"Benutzerkonto - CiceroManagementAkademie\" \/>\n<meta property=\"og:description\" content=\"1. Rejoignez le Cicero Management CLUB ! Saisissez vos donn\u00e9es d&rsquo;identit\u00e9 et de contact pour pouvoir cr\u00e9er votre profil. 2. T\u00c9L\u00c9CHARGEZ VOS DOCUMENTS DE V\u00c9RIFICATION ! T\u00e9l\u00e9chargez vos documents de v\u00e9rification: CV, dernier Dipl\u00f4me ou Certificat, une pi\u00e8ce d&rsquo;identit\u00e9 officielle.\u00a0 3. V\u00e9rification Apr\u00e8s v\u00e9rification et autorisation, un lien vous sera automatiquement envoy\u00e9 par e-mail dans [&hellip;]\" \/>\n<meta property=\"og:url\" content=\"https:\/\/cicero-management-akademie.de\/en\/benutzerkonto\/\" \/>\n<meta property=\"og:site_name\" content=\"CiceroManagementAkademie\" \/>\n<meta property=\"article:modified_time\" content=\"2023-03-10T09:57:27+00:00\" \/>\n<meta name=\"twitter:card\" content=\"summary_large_image\" \/>\n<meta name=\"twitter:label1\" content=\"Est. reading time\" \/>\n\t<meta name=\"twitter:data1\" content=\"1 minute\" \/>\n<script type=\"application\/ld+json\" class=\"yoast-schema-graph\">{\"@context\":\"https:\/\/schema.org\",\"@graph\":[{\"@type\":\"WebPage\",\"@id\":\"https:\/\/cicero-management-akademie.de\/en\/benutzerkonto\/\",\"url\":\"https:\/\/cicero-management-akademie.de\/en\/benutzerkonto\/\",\"name\":\"Benutzerkonto - CiceroManagementAkademie\",\"isPartOf\":{\"@id\":\"https:\/\/cicero-management-akademie.de\/en\/#website\"},\"datePublished\":\"2021-12-17T07:30:20+00:00\",\"dateModified\":\"2023-03-10T09:57:27+00:00\",\"breadcrumb\":{\"@id\":\"https:\/\/cicero-management-akademie.de\/en\/benutzerkonto\/#breadcrumb\"},\"inLanguage\":\"en-US\",\"potentialAction\":[{\"@type\":\"ReadAction\",\"target\":[\"https:\/\/cicero-management-akademie.de\/en\/benutzerkonto\/\"]}]},{\"@type\":\"BreadcrumbList\",\"@id\":\"https:\/\/cicero-management-akademie.de\/en\/benutzerkonto\/#breadcrumb\",\"itemListElement\":[{\"@type\":\"ListItem\",\"position\":1,\"name\":\"Startseite\",\"item\":\"https:\/\/cicero-management-akademie.de\/en\/\"},{\"@type\":\"ListItem\",\"position\":2,\"name\":\"Benutzerkonto\"}]},{\"@type\":\"WebSite\",\"@id\":\"https:\/\/cicero-management-akademie.de\/en\/#website\",\"url\":\"https:\/\/cicero-management-akademie.de\/en\/\",\"name\":\"CiceroManagementAkademie\",\"description\":\"Akademie\",\"publisher\":{\"@id\":\"https:\/\/cicero-management-akademie.de\/en\/#organization\"},\"potentialAction\":[{\"@type\":\"SearchAction\",\"target\":{\"@type\":\"EntryPoint\",\"urlTemplate\":\"https:\/\/cicero-management-akademie.de\/en\/?s={search_term_string}\"},\"query-input\":\"required name=search_term_string\"}],\"inLanguage\":\"en-US\"},{\"@type\":\"Organization\",\"@id\":\"https:\/\/cicero-management-akademie.de\/en\/#organization\",\"name\":\"Cicero Management Akademie\",\"url\":\"https:\/\/cicero-management-akademie.de\/en\/\",\"logo\":{\"@type\":\"ImageObject\",\"inLanguage\":\"en-US\",\"@id\":\"https:\/\/cicero-management-akademie.de\/en\/#\/schema\/logo\/image\/\",\"url\":\"https:\/\/cicero-management-akademie.de\/wp-content\/uploads\/2022\/05\/logo-cicero.jpg\",\"contentUrl\":\"https:\/\/cicero-management-akademie.de\/wp-content\/uploads\/2022\/05\/logo-cicero.jpg\",\"width\":512,\"height\":236,\"caption\":\"Cicero Management Akademie\"},\"image\":{\"@id\":\"https:\/\/cicero-management-akademie.de\/en\/#\/schema\/logo\/image\/\"}}]}<\/script>\n<!-- \/ Yoast SEO plugin. -->","yoast_head_json":{"title":"Benutzerkonto - CiceroManagementAkademie","robots":{"index":"noindex","follow":"nofollow"},"og_locale":"en_US","og_type":"article","og_title":"Benutzerkonto - CiceroManagementAkademie","og_description":"1. Rejoignez le Cicero Management CLUB ! Saisissez vos donn\u00e9es d&rsquo;identit\u00e9 et de contact pour pouvoir cr\u00e9er votre profil. 2. T\u00c9L\u00c9CHARGEZ VOS DOCUMENTS DE V\u00c9RIFICATION ! T\u00e9l\u00e9chargez vos documents de v\u00e9rification: CV, dernier Dipl\u00f4me ou Certificat, une pi\u00e8ce d&rsquo;identit\u00e9 officielle.\u00a0 3. V\u00e9rification Apr\u00e8s v\u00e9rification et autorisation, un lien vous sera automatiquement envoy\u00e9 par e-mail dans [&hellip;]","og_url":"https:\/\/cicero-management-akademie.de\/en\/benutzerkonto\/","og_site_name":"CiceroManagementAkademie","article_modified_time":"2023-03-10T09:57:27+00:00","twitter_card":"summary_large_image","twitter_misc":{"Est. reading time":"1 minute"},"schema":{"@context":"https:\/\/schema.org","@graph":[{"@type":"WebPage","@id":"https:\/\/cicero-management-akademie.de\/en\/benutzerkonto\/","url":"https:\/\/cicero-management-akademie.de\/en\/benutzerkonto\/","name":"Benutzerkonto - CiceroManagementAkademie","isPartOf":{"@id":"https:\/\/cicero-management-akademie.de\/en\/#website"},"datePublished":"2021-12-17T07:30:20+00:00","dateModified":"2023-03-10T09:57:27+00:00","breadcrumb":{"@id":"https:\/\/cicero-management-akademie.de\/en\/benutzerkonto\/#breadcrumb"},"inLanguage":"en-US","potentialAction":[{"@type":"ReadAction","target":["https:\/\/cicero-management-akademie.de\/en\/benutzerkonto\/"]}]},{"@type":"BreadcrumbList","@id":"https:\/\/cicero-management-akademie.de\/en\/benutzerkonto\/#breadcrumb","itemListElement":[{"@type":"ListItem","position":1,"name":"Startseite","item":"https:\/\/cicero-management-akademie.de\/en\/"},{"@type":"ListItem","position":2,"name":"Benutzerkonto"}]},{"@type":"WebSite","@id":"https:\/\/cicero-management-akademie.de\/en\/#website","url":"https:\/\/cicero-management-akademie.de\/en\/","name":"CiceroManagementAkademie","description":"Akademie","publisher":{"@id":"https:\/\/cicero-management-akademie.de\/en\/#organization"},"potentialAction":[{"@type":"SearchAction","target":{"@type":"EntryPoint","urlTemplate":"https:\/\/cicero-management-akademie.de\/en\/?s={search_term_string}"},"query-input":"required name=search_term_string"}],"inLanguage":"en-US"},{"@type":"Organization","@id":"https:\/\/cicero-management-akademie.de\/en\/#organization","name":"Cicero Management Akademie","url":"https:\/\/cicero-management-akademie.de\/en\/","logo":{"@type":"ImageObject","inLanguage":"en-US","@id":"https:\/\/cicero-management-akademie.de\/en\/#\/schema\/logo\/image\/","url":"https:\/\/cicero-management-akademie.de\/wp-content\/uploads\/2022\/05\/logo-cicero.jpg","contentUrl":"https:\/\/cicero-management-akademie.de\/wp-content\/uploads\/2022\/05\/logo-cicero.jpg","width":512,"height":236,"caption":"Cicero Management Akademie"},"image":{"@id":"https:\/\/cicero-management-akademie.de\/en\/#\/schema\/logo\/image\/"}}]}},"_links":{"self":[{"href":"https:\/\/cicero-management-akademie.de\/en\/wp-json\/wp\/v2\/pages\/5010"}],"collection":[{"href":"https:\/\/cicero-management-akademie.de\/en\/wp-json\/wp\/v2\/pages"}],"about":[{"href":"https:\/\/cicero-management-akademie.de\/en\/wp-json\/wp\/v2\/types\/page"}],"author":[{"embeddable":true,"href":"https:\/\/cicero-management-akademie.de\/en\/wp-json\/wp\/v2\/users\/1"}],"replies":[{"embeddable":true,"href":"https:\/\/cicero-management-akademie.de\/en\/wp-json\/wp\/v2\/comments?post=5010"}],"version-history":[{"count":0,"href":"https:\/\/cicero-management-akademie.de\/en\/wp-json\/wp\/v2\/pages\/5010\/revisions"}],"wp:attachment":[{"href":"https:\/\/cicero-management-akademie.de\/en\/wp-json\/wp\/v2\/media?parent=5010"}],"curies":[{"name":"wp","href":"https:\/\/api.w.org\/{rel}","templated":true}]}}