{"id":5734,"date":"2022-02-03T07:22:13","date_gmt":"2022-02-03T07:22:13","guid":{"rendered":"https:\/\/cicero-management-akademie.de\/?page_id=5734"},"modified":"2023-01-26T17:12:45","modified_gmt":"2023-01-26T17:12:45","slug":"webinare","status":"publish","type":"page","link":"https:\/\/cicero-management-akademie.de\/en\/webinare\/","title":{"rendered":"S\u00c9ANCES EN DIRECT"},"content":{"rendered":"<div data-elementor-type=\"wp-page\" data-elementor-id=\"5734\" class=\"elementor elementor-5734\">\n\t\t\t\t\t\t\t\t\t<section class=\"elementor-section elementor-top-section elementor-element elementor-element-220ef31 elementor-section-boxed elementor-section-height-default elementor-section-height-default\" data-id=\"220ef31\" data-element_type=\"section\">\n\t\t\t\t\t\t<div class=\"elementor-container elementor-column-gap-default\">\n\t\t\t\t\t<div class=\"elementor-column elementor-col-100 elementor-top-column elementor-element elementor-element-5235bfa\" data-id=\"5235bfa\" data-element_type=\"column\">\n\t\t\t<div class=\"elementor-widget-wrap elementor-element-populated\">\n\t\t\t\t\t\t\t\t<div class=\"elementor-element elementor-element-d127b1b elementor-widget elementor-widget-heading\" data-id=\"d127b1b\" data-element_type=\"widget\" data-widget_type=\"heading.default\">\n\t\t\t\t<div class=\"elementor-widget-container\">\n\t\t\t<style>\/*! elementor - v3.18.0 - 20-12-2023 *\/\n.elementor-heading-title{padding:0;margin:0;line-height:1}.elementor-widget-heading .elementor-heading-title[class*=elementor-size-]>a{color:inherit;font-size:inherit;line-height:inherit}.elementor-widget-heading .elementor-heading-title.elementor-size-small{font-size:15px}.elementor-widget-heading .elementor-heading-title.elementor-size-medium{font-size:19px}.elementor-widget-heading .elementor-heading-title.elementor-size-large{font-size:29px}.elementor-widget-heading .elementor-heading-title.elementor-size-xl{font-size:39px}.elementor-widget-heading .elementor-heading-title.elementor-size-xxl{font-size:59px}<\/style><h2 class=\"elementor-heading-title elementor-size-default\">Bienvenue sur la page de planification des Rendez.vous pour les s\u00e9ances de communications en direct de Cicero Management Academy (CMA). Veuillez suivre les instructions pour prendre votre rendez-vous et l'ajouter \u00e0 notre calendrier <\/h2>\t\t<\/div>\n\t\t\t\t<\/div>\n\t\t\t\t<div class=\"elementor-element elementor-element-8e6f0df elementor-widget elementor-widget-shortcode\" data-id=\"8e6f0df\" data-element_type=\"widget\" data-widget_type=\"shortcode.default\">\n\t\t\t\t<div class=\"elementor-widget-container\">\n\t\t\t\t\t<div class=\"elementor-shortcode\"><!-- D\u00e9but de widget en ligne Calendly -->\n<div class=\"calendly-inline-widget\" data-url=\"https:\/\/calendly.com\/cicero-management-akademie?primary_color=ae844a\" style=\"min-width:320px;height:630px;\"><\/div>\n<script type=\"text\/javascript\" src=\"https:\/\/assets.calendly.com\/assets\/external\/widget.js\" async><\/script>\n<!-- Fin de widget en ligne Calendly --><\/div>\n\t\t\t\t<\/div>\n\t\t\t\t<\/div>\n\t\t\t\t\t<\/div>\n\t\t<\/div>\n\t\t\t\t\t\t\t<\/div>\n\t\t<\/section>\n\t\t\t\t<section class=\"elementor-section elementor-top-section elementor-element elementor-element-e41ffc2 elementor-section-boxed elementor-section-height-default elementor-section-height-default\" data-id=\"e41ffc2\" data-element_type=\"section\">\n\t\t\t\t\t\t<div class=\"elementor-container elementor-column-gap-default\">\n\t\t\t\t\t<div class=\"elementor-column elementor-col-50 elementor-top-column elementor-element elementor-element-dc32564\" data-id=\"dc32564\" data-element_type=\"column\" data-settings=\"{&quot;background_background&quot;:&quot;classic&quot;}\">\n\t\t\t<div class=\"elementor-widget-wrap elementor-element-populated\">\n\t\t\t\t\t\t\t\t<div class=\"elementor-element elementor-element-4d5d581 elementor-widget elementor-widget-stm_zoom_meeting\" data-id=\"4d5d581\" data-element_type=\"widget\" data-widget_type=\"stm_zoom_meeting.default\">\n\t\t\t\t<div class=\"elementor-widget-container\">\n\t\t\t<div class=\"stm_zoom_wrapper\">\t\t\t<div class=\"stm_zoom_content\">\n\t\t\t\t\t\t\t\t<div class=\"zoom_content\">\n\t\t\t\t\t<div class=\"zoom_info\">\n\t\t\t\t\t\t<h2>Entretien d&rsquo;\u00e9valuation initiale<\/h2>\n\t\t\t\t\t\t\t\t\t\t\t\t\t<div class=\"date\">\n\t\t\t\t\t\t\t\t<span>Meeting date <\/span>\n\t\t\t\t\t\t\t\t<b>\n\t\t\t\t\t\t\t\t\tMay 17, 2022 11:39 am\t\t\t\t\t\t\t\t<\/b>\n\t\t\t\t\t\t\t<\/div>\n\t\t\t\t\t\t\t\t\t\t\t\t<div class=\"stm-calendar-links\">\n\t\t\t\t\t\t\t<span>Add to:<\/span>\n\t\t\t\t\t\t\t<a href=\"https:\/\/calendar.google.com\/calendar\/render?action=TEMPLATE&#038;dates=20220517T113900Z\/20220517T120900Z&#038;text=Entretien%20d%26rsquo%3B%C3%A9valuation%20initiale&#038;details=&#038;location=&#038;sf=true&#038;output=xml\">Google Calendar<\/a>\n\t\t\t\t\t\t\t,\n\t\t\t\t\t\t\t<a href=\"https:\/\/cicero-management-akademie.de\/en\/stm-zoom\/ersterfassungsgesprach\/?ical_export=1\" class=\"\" target=\"_blank\">\n\t\t\t\t\t\t\t\tiCal Export\t\t\t\t\t\t\t<\/a>\n\t\t\t\t\t\t<\/div>\n\t\t\t\t\t\t\t\t\t\t\t\t\t\t\t\t\t\t\t\t<a href=\"https:\/\/cicero-management-akademie.de\/en\/stm-zoom\/ersterfassungsgesprach\/?show_meeting=1\" class=\"btn stm-join-btn join_in_menu\" target=\"_blank\">\n\t\t\t\t\t\t\t\tJoin in browser\t\t\t\t\t\t\t<\/a>\n\t\t\t\t\t\t\t<a href=\"https:\/\/zoom.us\/j\/81372163970\" class=\"btn stm-join-btn outline\" target=\"_blank\">\n\t\t\t\t\t\t\t\tJoin in zoom app\t\t\t\t\t\t\t<\/a>\n\t\t\t\t\t\t\t\t\t\t\t<\/div>\n\t\t\t\t<\/div>\n\t\t\t\t<div class=\"zoom_description\">\n\t\t\t\t\t\t\t\t\t\t<div id=\"zmmtg-root\"><\/div>\n\t\t\t\t\t<div id=\"aria-notify-area\"><\/div>\n\t\t\t\t<\/div>\n\t\t\t<\/div>\n\t\t\t<\/div>\t\t<\/div>\n\t\t\t\t<\/div>\n\t\t\t\t\t<\/div>\n\t\t<\/div>\n\t\t\t\t<div class=\"elementor-column elementor-col-50 elementor-top-column elementor-element elementor-element-d0237d0\" data-id=\"d0237d0\" data-element_type=\"column\" data-settings=\"{&quot;background_background&quot;:&quot;classic&quot;}\">\n\t\t\t<div class=\"elementor-widget-wrap elementor-element-populated\">\n\t\t\t\t\t\t\t\t<div class=\"elementor-element elementor-element-cbdb1c5 elementor-widget elementor-widget-stm_zoom_meeting\" data-id=\"cbdb1c5\" data-element_type=\"widget\" data-widget_type=\"stm_zoom_meeting.default\">\n\t\t\t\t<div class=\"elementor-widget-container\">\n\t\t\t<div class=\"stm_zoom_wrapper\">\t\t\t<div class=\"stm_zoom_content\">\n\t\t\t\t\t\t\t\t<div class=\"zoom_content\">\n\t\t\t\t\t<div class=\"zoom_info\">\n\t\t\t\t\t\t<h2>30 min de r\u00e9union<\/h2>\n\t\t\t\t\t\t\t\t\t\t\t\t\t<div class=\"date\">\n\t\t\t\t\t\t\t\t<span>Meeting date <\/span>\n\t\t\t\t\t\t\t\t<b>\n\t\t\t\t\t\t\t\t\tFebruary 2, 2022 9:00 am\t\t\t\t\t\t\t\t<\/b>\n\t\t\t\t\t\t\t<\/div>\n\t\t\t\t\t\t\t\t\t\t\t\t<div class=\"stm-calendar-links\">\n\t\t\t\t\t\t\t<span>Add to:<\/span>\n\t\t\t\t\t\t\t<a href=\"https:\/\/calendar.google.com\/calendar\/render?action=TEMPLATE&#038;dates=20220202T080000Z\/20220202T090000Z&#038;text=30%20min%20de%20r%C3%A9union&#038;details=&#038;location=&#038;sf=true&#038;output=xml\">Google Calendar<\/a>\n\t\t\t\t\t\t\t,\n\t\t\t\t\t\t\t<a href=\"https:\/\/cicero-management-akademie.de\/en\/stm-zoom\/cicero-30min-meeting\/?ical_export=1\" class=\"\" target=\"_blank\">\n\t\t\t\t\t\t\t\tiCal Export\t\t\t\t\t\t\t<\/a>\n\t\t\t\t\t\t<\/div>\n\t\t\t\t\t\t\t\t\t\t\t\t\t\t\t\t\t\t\t\t\t<div class=\"password\">\n\t\t\t\t\t\t\t\t\t<span>Password: <\/span>\n\t\t\t\t\t\t\t\t\t<span class=\"value\">8J8naw<\/span>\n\t\t\t\t\t\t\t\t<\/div>\n\t\t\t\t\t\t\t\t\t\t\t\t\t\t<a href=\"https:\/\/cicero-management-akademie.de\/en\/stm-zoom\/cicero-30min-meeting\/?show_meeting=1\" class=\"btn stm-join-btn join_in_menu\" target=\"_blank\">\n\t\t\t\t\t\t\t\tJoin in browser\t\t\t\t\t\t\t<\/a>\n\t\t\t\t\t\t\t<a href=\"https:\/\/zoom.us\/j\/98713203552\" class=\"btn stm-join-btn outline\" target=\"_blank\">\n\t\t\t\t\t\t\t\tJoin in zoom app\t\t\t\t\t\t\t<\/a>\n\t\t\t\t\t\t\t\t\t\t\t<\/div>\n\t\t\t\t<\/div>\n\t\t\t\t<div class=\"zoom_description\">\n\t\t\t\t\t\t\t\t\t\t<div id=\"zmmtg-root\"><\/div>\n\t\t\t\t\t<div id=\"aria-notify-area\"><\/div>\n\t\t\t\t<\/div>\n\t\t\t<\/div>\n\t\t\t<\/div>\t\t<\/div>\n\t\t\t\t<\/div>\n\t\t\t\t\t<\/div>\n\t\t<\/div>\n\t\t\t\t\t\t\t<\/div>\n\t\t<\/section>\n\t\t\t\t\t\t\t<\/div>","protected":false},"excerpt":{"rendered":"<p>Bienvenue sur la page de planification des Rendez.vous pour les s\u00e9ances de communications en direct de Cicero Management Academy (CMA). Veuillez suivre les instructions pour prendre votre rendez-vous et l&rsquo;ajouter \u00e0 notre calendrier Ersterfassungsgespr\u00e4ch Date de la r\u00e9union mai 17, 2022 11:39 Add to: Google Calendar , iCal Export Rejoindre via le navigateur Rejoindre via [&hellip;]<\/p>","protected":false},"author":1,"featured_media":0,"parent":0,"menu_order":0,"comment_status":"closed","ping_status":"closed","template":"","meta":{"pmpro_default_level":0,"footnotes":""},"yoast_head":"<!-- This site is optimized with the Yoast SEO plugin v21.7 - https:\/\/yoast.com\/wordpress\/plugins\/seo\/ -->\n<title>S\u00c9ANCES EN DIRECT - CiceroManagementAkademie<\/title>\n<meta name=\"robots\" content=\"index, follow, max-snippet:-1, max-image-preview:large, max-video-preview:-1\" \/>\n<link rel=\"canonical\" href=\"https:\/\/cicero-management-akademie.de\/en\/webinare\/\" \/>\n<meta property=\"og:locale\" content=\"en_US\" \/>\n<meta property=\"og:type\" content=\"article\" \/>\n<meta property=\"og:title\" content=\"S\u00c9ANCES EN DIRECT - CiceroManagementAkademie\" \/>\n<meta property=\"og:description\" content=\"Bienvenue sur la page de planification des Rendez.vous pour les s\u00e9ances de communications en direct de Cicero Management Academy (CMA). Veuillez suivre les instructions pour prendre votre rendez-vous et l&rsquo;ajouter \u00e0 notre calendrier Ersterfassungsgespr\u00e4ch Date de la r\u00e9union mai 17, 2022 11:39 Add to: Google Calendar , iCal Export Rejoindre via le navigateur Rejoindre via [&hellip;]\" \/>\n<meta property=\"og:url\" content=\"https:\/\/cicero-management-akademie.de\/en\/webinare\/\" \/>\n<meta property=\"og:site_name\" content=\"CiceroManagementAkademie\" \/>\n<meta property=\"article:modified_time\" content=\"2023-01-26T17:12:45+00:00\" \/>\n<meta name=\"twitter:card\" content=\"summary_large_image\" \/>\n<meta name=\"twitter:label1\" content=\"Est. reading time\" \/>\n\t<meta name=\"twitter:data1\" content=\"1 minute\" \/>\n<script type=\"application\/ld+json\" class=\"yoast-schema-graph\">{\"@context\":\"https:\/\/schema.org\",\"@graph\":[{\"@type\":\"WebPage\",\"@id\":\"https:\/\/cicero-management-akademie.de\/fr\/webinare\/\",\"url\":\"https:\/\/cicero-management-akademie.de\/fr\/webinare\/\",\"name\":\"S\u00c9ANCES EN DIRECT - CiceroManagementAkademie\",\"isPartOf\":{\"@id\":\"https:\/\/cicero-management-akademie.de\/en\/#website\"},\"datePublished\":\"2022-02-03T07:22:13+00:00\",\"dateModified\":\"2023-01-26T17:12:45+00:00\",\"breadcrumb\":{\"@id\":\"https:\/\/cicero-management-akademie.de\/fr\/webinare\/#breadcrumb\"},\"inLanguage\":\"en-US\",\"potentialAction\":[{\"@type\":\"ReadAction\",\"target\":[\"https:\/\/cicero-management-akademie.de\/fr\/webinare\/\"]}]},{\"@type\":\"BreadcrumbList\",\"@id\":\"https:\/\/cicero-management-akademie.de\/fr\/webinare\/#breadcrumb\",\"itemListElement\":[{\"@type\":\"ListItem\",\"position\":1,\"name\":\"Startseite\",\"item\":\"https:\/\/cicero-management-akademie.de\/en\/\"},{\"@type\":\"ListItem\",\"position\":2,\"name\":\"S\u00c9ANCES EN DIRECT\"}]},{\"@type\":\"WebSite\",\"@id\":\"https:\/\/cicero-management-akademie.de\/en\/#website\",\"url\":\"https:\/\/cicero-management-akademie.de\/en\/\",\"name\":\"CiceroManagementAkademie\",\"description\":\"Akademie\",\"publisher\":{\"@id\":\"https:\/\/cicero-management-akademie.de\/en\/#organization\"},\"potentialAction\":[{\"@type\":\"SearchAction\",\"target\":{\"@type\":\"EntryPoint\",\"urlTemplate\":\"https:\/\/cicero-management-akademie.de\/en\/?s={search_term_string}\"},\"query-input\":\"required name=search_term_string\"}],\"inLanguage\":\"en-US\"},{\"@type\":\"Organization\",\"@id\":\"https:\/\/cicero-management-akademie.de\/en\/#organization\",\"name\":\"Cicero Management Akademie\",\"url\":\"https:\/\/cicero-management-akademie.de\/en\/\",\"logo\":{\"@type\":\"ImageObject\",\"inLanguage\":\"en-US\",\"@id\":\"https:\/\/cicero-management-akademie.de\/en\/#\/schema\/logo\/image\/\",\"url\":\"https:\/\/cicero-management-akademie.de\/wp-content\/uploads\/2022\/05\/logo-cicero.jpg\",\"contentUrl\":\"https:\/\/cicero-management-akademie.de\/wp-content\/uploads\/2022\/05\/logo-cicero.jpg\",\"width\":512,\"height\":236,\"caption\":\"Cicero Management Akademie\"},\"image\":{\"@id\":\"https:\/\/cicero-management-akademie.de\/en\/#\/schema\/logo\/image\/\"}}]}<\/script>\n<!-- \/ Yoast SEO plugin. -->","yoast_head_json":{"title":"S\u00c9ANCES EN DIRECT - CiceroManagementAkademie","robots":{"index":"index","follow":"follow","max-snippet":"max-snippet:-1","max-image-preview":"max-image-preview:large","max-video-preview":"max-video-preview:-1"},"canonical":"https:\/\/cicero-management-akademie.de\/en\/webinare\/","og_locale":"en_US","og_type":"article","og_title":"S\u00c9ANCES EN DIRECT - CiceroManagementAkademie","og_description":"Bienvenue sur la page de planification des Rendez.vous pour les s\u00e9ances de communications en direct de Cicero Management Academy (CMA). Veuillez suivre les instructions pour prendre votre rendez-vous et l&rsquo;ajouter \u00e0 notre calendrier Ersterfassungsgespr\u00e4ch Date de la r\u00e9union mai 17, 2022 11:39 Add to: Google Calendar , iCal Export Rejoindre via le navigateur Rejoindre via [&hellip;]","og_url":"https:\/\/cicero-management-akademie.de\/en\/webinare\/","og_site_name":"CiceroManagementAkademie","article_modified_time":"2023-01-26T17:12:45+00:00","twitter_card":"summary_large_image","twitter_misc":{"Est. reading time":"1 minute"},"schema":{"@context":"https:\/\/schema.org","@graph":[{"@type":"WebPage","@id":"https:\/\/cicero-management-akademie.de\/fr\/webinare\/","url":"https:\/\/cicero-management-akademie.de\/fr\/webinare\/","name":"S\u00c9ANCES EN DIRECT - CiceroManagementAkademie","isPartOf":{"@id":"https:\/\/cicero-management-akademie.de\/en\/#website"},"datePublished":"2022-02-03T07:22:13+00:00","dateModified":"2023-01-26T17:12:45+00:00","breadcrumb":{"@id":"https:\/\/cicero-management-akademie.de\/fr\/webinare\/#breadcrumb"},"inLanguage":"en-US","potentialAction":[{"@type":"ReadAction","target":["https:\/\/cicero-management-akademie.de\/fr\/webinare\/"]}]},{"@type":"BreadcrumbList","@id":"https:\/\/cicero-management-akademie.de\/fr\/webinare\/#breadcrumb","itemListElement":[{"@type":"ListItem","position":1,"name":"Startseite","item":"https:\/\/cicero-management-akademie.de\/en\/"},{"@type":"ListItem","position":2,"name":"S\u00c9ANCES EN DIRECT"}]},{"@type":"WebSite","@id":"https:\/\/cicero-management-akademie.de\/en\/#website","url":"https:\/\/cicero-management-akademie.de\/en\/","name":"CiceroManagementAkademie","description":"Akademie","publisher":{"@id":"https:\/\/cicero-management-akademie.de\/en\/#organization"},"potentialAction":[{"@type":"SearchAction","target":{"@type":"EntryPoint","urlTemplate":"https:\/\/cicero-management-akademie.de\/en\/?s={search_term_string}"},"query-input":"required name=search_term_string"}],"inLanguage":"en-US"},{"@type":"Organization","@id":"https:\/\/cicero-management-akademie.de\/en\/#organization","name":"Cicero Management Akademie","url":"https:\/\/cicero-management-akademie.de\/en\/","logo":{"@type":"ImageObject","inLanguage":"en-US","@id":"https:\/\/cicero-management-akademie.de\/en\/#\/schema\/logo\/image\/","url":"https:\/\/cicero-management-akademie.de\/wp-content\/uploads\/2022\/05\/logo-cicero.jpg","contentUrl":"https:\/\/cicero-management-akademie.de\/wp-content\/uploads\/2022\/05\/logo-cicero.jpg","width":512,"height":236,"caption":"Cicero Management Akademie"},"image":{"@id":"https:\/\/cicero-management-akademie.de\/en\/#\/schema\/logo\/image\/"}}]}},"_links":{"self":[{"href":"https:\/\/cicero-management-akademie.de\/en\/wp-json\/wp\/v2\/pages\/5734"}],"collection":[{"href":"https:\/\/cicero-management-akademie.de\/en\/wp-json\/wp\/v2\/pages"}],"about":[{"href":"https:\/\/cicero-management-akademie.de\/en\/wp-json\/wp\/v2\/types\/page"}],"author":[{"embeddable":true,"href":"https:\/\/cicero-management-akademie.de\/en\/wp-json\/wp\/v2\/users\/1"}],"replies":[{"embeddable":true,"href":"https:\/\/cicero-management-akademie.de\/en\/wp-json\/wp\/v2\/comments?post=5734"}],"version-history":[{"count":0,"href":"https:\/\/cicero-management-akademie.de\/en\/wp-json\/wp\/v2\/pages\/5734\/revisions"}],"wp:attachment":[{"href":"https:\/\/cicero-management-akademie.de\/en\/wp-json\/wp\/v2\/media?parent=5734"}],"curies":[{"name":"wp","href":"https:\/\/api.w.org\/{rel}","templated":true}]}}