{"id":8160,"date":"2023-03-10T10:04:34","date_gmt":"2023-03-10T10:04:34","guid":{"rendered":"https:\/\/cicero-management-akademie.de\/?page_id=8160"},"modified":"2023-03-10T11:02:56","modified_gmt":"2023-03-10T11:02:56","slug":"diplomation","status":"publish","type":"page","link":"https:\/\/cicero-management-akademie.de\/en\/diplomation\/","title":{"rendered":"Diplomation"},"content":{"rendered":"<div data-elementor-type=\"wp-page\" data-elementor-id=\"8160\" class=\"elementor elementor-8160\">\n\t\t\t\t\t\t\t\t\t<section class=\"elementor-section elementor-top-section elementor-element elementor-element-5ff5b19 elementor-section-boxed elementor-section-height-default elementor-section-height-default\" data-id=\"5ff5b19\" data-element_type=\"section\">\n\t\t\t\t\t\t<div class=\"elementor-container elementor-column-gap-default\">\n\t\t\t\t\t<div class=\"elementor-column elementor-col-100 elementor-top-column elementor-element elementor-element-97ec425\" data-id=\"97ec425\" data-element_type=\"column\">\n\t\t\t<div class=\"elementor-widget-wrap\">\n\t\t\t\t\t\t\t\t\t<\/div>\n\t\t<\/div>\n\t\t\t\t\t\t\t<\/div>\n\t\t<\/section>\n\t\t\t\t<section class=\"elementor-section elementor-top-section elementor-element elementor-element-d84d69b elementor-section-content-middle elementor-section-boxed elementor-section-height-default elementor-section-height-default\" data-id=\"d84d69b\" data-element_type=\"section\" data-settings=\"{&quot;background_background&quot;:&quot;classic&quot;}\">\n\t\t\t\t\t\t<div class=\"elementor-container elementor-column-gap-wider\">\n\t\t\t\t\t<div class=\"elementor-column elementor-col-50 elementor-top-column elementor-element elementor-element-587ce617\" data-id=\"587ce617\" data-element_type=\"column\">\n\t\t\t<div class=\"elementor-widget-wrap elementor-element-populated\">\n\t\t\t\t\t\t\t\t<div class=\"elementor-element elementor-element-79cce3fb elementor-invisible elementor-widget elementor-widget-image\" data-id=\"79cce3fb\" data-element_type=\"widget\" data-settings=\"{&quot;_animation&quot;:&quot;fadeIn&quot;,&quot;_animation_delay&quot;:100}\" data-widget_type=\"image.default\">\n\t\t\t\t<div class=\"elementor-widget-container\">\n\t\t\t<style>\/*! elementor - v3.18.0 - 20-12-2023 *\/\n.elementor-widget-image{text-align:center}.elementor-widget-image a{display:inline-block}.elementor-widget-image a img[src$=\".svg\"]{width:48px}.elementor-widget-image img{vertical-align:middle;display:inline-block}<\/style>\t\t\t\t\t\t\t\t\t\t\t\t<img fetchpriority=\"high\" decoding=\"async\" width=\"676\" height=\"1024\" src=\"https:\/\/cicero-management-akademie.de\/wp-content\/uploads\/2023\/03\/pexels-tam-hoang-1007066-676x1024.jpg\" class=\"attachment-large size-large wp-image-8186\" alt=\"\" srcset=\"https:\/\/cicero-management-akademie.de\/wp-content\/uploads\/2023\/03\/pexels-tam-hoang-1007066-676x1024.jpg 676w, https:\/\/cicero-management-akademie.de\/wp-content\/uploads\/2023\/03\/pexels-tam-hoang-1007066-198x300.jpg 198w, https:\/\/cicero-management-akademie.de\/wp-content\/uploads\/2023\/03\/pexels-tam-hoang-1007066-768x1163.jpg 768w, https:\/\/cicero-management-akademie.de\/wp-content\/uploads\/2023\/03\/pexels-tam-hoang-1007066-1015x1536.jpg 1015w, https:\/\/cicero-management-akademie.de\/wp-content\/uploads\/2023\/03\/pexels-tam-hoang-1007066-1353x2048.jpg 1353w, https:\/\/cicero-management-akademie.de\/wp-content\/uploads\/2023\/03\/pexels-tam-hoang-1007066-8x12.jpg 8w, https:\/\/cicero-management-akademie.de\/wp-content\/uploads\/2023\/03\/pexels-tam-hoang-1007066-600x908.jpg 600w, https:\/\/cicero-management-akademie.de\/wp-content\/uploads\/2023\/03\/pexels-tam-hoang-1007066-scaled-400x606.jpg 400w, https:\/\/cicero-management-akademie.de\/wp-content\/uploads\/2023\/03\/pexels-tam-hoang-1007066-scaled.jpg 1691w\" sizes=\"(max-width: 676px) 100vw, 676px\" \/>\t\t\t\t\t\t\t\t\t\t\t\t\t\t\t<\/div>\n\t\t\t\t<\/div>\n\t\t\t\t\t<\/div>\n\t\t<\/div>\n\t\t\t\t<div class=\"elementor-column elementor-col-50 elementor-top-column elementor-element elementor-element-29103cb2\" data-id=\"29103cb2\" data-element_type=\"column\">\n\t\t\t<div class=\"elementor-widget-wrap elementor-element-populated\">\n\t\t\t\t\t\t\t\t<div class=\"elementor-element elementor-element-4228e4e elementor-invisible elementor-widget elementor-widget-heading\" data-id=\"4228e4e\" data-element_type=\"widget\" data-settings=\"{&quot;_animation&quot;:&quot;fadeIn&quot;,&quot;_animation_delay&quot;:200}\" data-widget_type=\"heading.default\">\n\t\t\t\t<div class=\"elementor-widget-container\">\n\t\t\t<style>\/*! elementor - v3.18.0 - 20-12-2023 *\/\n.elementor-heading-title{padding:0;margin:0;line-height:1}.elementor-widget-heading .elementor-heading-title[class*=elementor-size-]>a{color:inherit;font-size:inherit;line-height:inherit}.elementor-widget-heading .elementor-heading-title.elementor-size-small{font-size:15px}.elementor-widget-heading .elementor-heading-title.elementor-size-medium{font-size:19px}.elementor-widget-heading .elementor-heading-title.elementor-size-large{font-size:29px}.elementor-widget-heading .elementor-heading-title.elementor-size-xl{font-size:39px}.elementor-widget-heading .elementor-heading-title.elementor-size-xxl{font-size:59px}<\/style><h2 class=\"elementor-heading-title elementor-size-default\">Un dipl\u00f4me ou un certificat de participation \u00e9lectronique vous sera remis en fin de votre participation compl\u00e8te et apr\u00e8s l\u2019administration d\u2019un test de compr\u00e9hension en ligne, d\u2019un travail pratique ou d\u2019un entretien que vous aurez r\u00e9ussi. Vous pourrez  l\u2019ins\u00e9rer dans votre CV ou vos profils web (LinkedIn par exemple).<\/h2>\t\t<\/div>\n\t\t\t\t<\/div>\n\t\t\t\t\t<\/div>\n\t\t<\/div>\n\t\t\t\t\t\t\t<\/div>\n\t\t<\/section>\n\t\t\t\t\t\t\t<\/div>","protected":false},"excerpt":{"rendered":"<p>Un dipl\u00f4me ou un certificat de participation \u00e9lectronique vous sera remis en fin de votre participation compl\u00e8te et apr\u00e8s l\u2019administration d\u2019un test de compr\u00e9hension en ligne, d\u2019un travail pratique ou d\u2019un entretien que vous aurez r\u00e9ussi. Vous pourrez l\u2019ins\u00e9rer dans votre CV ou vos profils web (LinkedIn par exemple).<\/p>","protected":false},"author":2,"featured_media":0,"parent":0,"menu_order":0,"comment_status":"closed","ping_status":"closed","template":"elementor_header_footer","meta":{"pmpro_default_level":0,"footnotes":""},"yoast_head":"<!-- This site is optimized with the Yoast SEO plugin v21.7 - https:\/\/yoast.com\/wordpress\/plugins\/seo\/ -->\n<title>Diplomation - CiceroManagementAkademie<\/title>\n<meta name=\"robots\" content=\"index, follow, max-snippet:-1, max-image-preview:large, max-video-preview:-1\" \/>\n<link rel=\"canonical\" href=\"https:\/\/cicero-management-akademie.de\/en\/diplomation\/\" \/>\n<meta property=\"og:locale\" content=\"en_US\" \/>\n<meta property=\"og:type\" content=\"article\" \/>\n<meta property=\"og:title\" content=\"Diplomation - CiceroManagementAkademie\" \/>\n<meta property=\"og:description\" content=\"Un dipl\u00f4me ou un certificat de participation \u00e9lectronique vous sera remis en fin de votre participation compl\u00e8te et apr\u00e8s l\u2019administration d\u2019un test de compr\u00e9hension en ligne, d\u2019un travail pratique ou d\u2019un entretien que vous aurez r\u00e9ussi. Vous pourrez l\u2019ins\u00e9rer dans votre CV ou vos profils web (LinkedIn par exemple).\" \/>\n<meta property=\"og:url\" content=\"https:\/\/cicero-management-akademie.de\/en\/diplomation\/\" \/>\n<meta property=\"og:site_name\" content=\"CiceroManagementAkademie\" \/>\n<meta property=\"article:modified_time\" content=\"2023-03-10T11:02:56+00:00\" \/>\n<meta property=\"og:image\" content=\"https:\/\/cicero-management-akademie.de\/wp-content\/uploads\/2023\/03\/pexels-tam-hoang-1007066-676x1024.jpg\" \/>\n<meta name=\"twitter:card\" content=\"summary_large_image\" \/>\n<meta name=\"twitter:label1\" content=\"Est. reading time\" \/>\n\t<meta name=\"twitter:data1\" content=\"1 minute\" \/>\n<script type=\"application\/ld+json\" class=\"yoast-schema-graph\">{\"@context\":\"https:\/\/schema.org\",\"@graph\":[{\"@type\":\"WebPage\",\"@id\":\"https:\/\/cicero-management-akademie.de\/fr\/diplomation\/\",\"url\":\"https:\/\/cicero-management-akademie.de\/fr\/diplomation\/\",\"name\":\"Diplomation - CiceroManagementAkademie\",\"isPartOf\":{\"@id\":\"https:\/\/cicero-management-akademie.de\/en\/#website\"},\"datePublished\":\"2023-03-10T10:04:34+00:00\",\"dateModified\":\"2023-03-10T11:02:56+00:00\",\"breadcrumb\":{\"@id\":\"https:\/\/cicero-management-akademie.de\/fr\/diplomation\/#breadcrumb\"},\"inLanguage\":\"en-US\",\"potentialAction\":[{\"@type\":\"ReadAction\",\"target\":[\"https:\/\/cicero-management-akademie.de\/fr\/diplomation\/\"]}]},{\"@type\":\"BreadcrumbList\",\"@id\":\"https:\/\/cicero-management-akademie.de\/fr\/diplomation\/#breadcrumb\",\"itemListElement\":[{\"@type\":\"ListItem\",\"position\":1,\"name\":\"Startseite\",\"item\":\"https:\/\/cicero-management-akademie.de\/en\/\"},{\"@type\":\"ListItem\",\"position\":2,\"name\":\"Diplomation\"}]},{\"@type\":\"WebSite\",\"@id\":\"https:\/\/cicero-management-akademie.de\/en\/#website\",\"url\":\"https:\/\/cicero-management-akademie.de\/en\/\",\"name\":\"CiceroManagementAkademie\",\"description\":\"Akademie\",\"publisher\":{\"@id\":\"https:\/\/cicero-management-akademie.de\/en\/#organization\"},\"potentialAction\":[{\"@type\":\"SearchAction\",\"target\":{\"@type\":\"EntryPoint\",\"urlTemplate\":\"https:\/\/cicero-management-akademie.de\/en\/?s={search_term_string}\"},\"query-input\":\"required name=search_term_string\"}],\"inLanguage\":\"en-US\"},{\"@type\":\"Organization\",\"@id\":\"https:\/\/cicero-management-akademie.de\/en\/#organization\",\"name\":\"Cicero Management Akademie\",\"url\":\"https:\/\/cicero-management-akademie.de\/en\/\",\"logo\":{\"@type\":\"ImageObject\",\"inLanguage\":\"en-US\",\"@id\":\"https:\/\/cicero-management-akademie.de\/en\/#\/schema\/logo\/image\/\",\"url\":\"https:\/\/cicero-management-akademie.de\/wp-content\/uploads\/2022\/05\/logo-cicero.jpg\",\"contentUrl\":\"https:\/\/cicero-management-akademie.de\/wp-content\/uploads\/2022\/05\/logo-cicero.jpg\",\"width\":512,\"height\":236,\"caption\":\"Cicero Management Akademie\"},\"image\":{\"@id\":\"https:\/\/cicero-management-akademie.de\/en\/#\/schema\/logo\/image\/\"}}]}<\/script>\n<!-- \/ Yoast SEO plugin. -->","yoast_head_json":{"title":"Diplomation - CiceroManagementAkademie","robots":{"index":"index","follow":"follow","max-snippet":"max-snippet:-1","max-image-preview":"max-image-preview:large","max-video-preview":"max-video-preview:-1"},"canonical":"https:\/\/cicero-management-akademie.de\/en\/diplomation\/","og_locale":"en_US","og_type":"article","og_title":"Diplomation - CiceroManagementAkademie","og_description":"Un dipl\u00f4me ou un certificat de participation \u00e9lectronique vous sera remis en fin de votre participation compl\u00e8te et apr\u00e8s l\u2019administration d\u2019un test de compr\u00e9hension en ligne, d\u2019un travail pratique ou d\u2019un entretien que vous aurez r\u00e9ussi. Vous pourrez l\u2019ins\u00e9rer dans votre CV ou vos profils web (LinkedIn par exemple).","og_url":"https:\/\/cicero-management-akademie.de\/en\/diplomation\/","og_site_name":"CiceroManagementAkademie","article_modified_time":"2023-03-10T11:02:56+00:00","og_image":[{"url":"https:\/\/cicero-management-akademie.de\/wp-content\/uploads\/2023\/03\/pexels-tam-hoang-1007066-676x1024.jpg"}],"twitter_card":"summary_large_image","twitter_misc":{"Est. reading time":"1 minute"},"schema":{"@context":"https:\/\/schema.org","@graph":[{"@type":"WebPage","@id":"https:\/\/cicero-management-akademie.de\/fr\/diplomation\/","url":"https:\/\/cicero-management-akademie.de\/fr\/diplomation\/","name":"Diplomation - CiceroManagementAkademie","isPartOf":{"@id":"https:\/\/cicero-management-akademie.de\/en\/#website"},"datePublished":"2023-03-10T10:04:34+00:00","dateModified":"2023-03-10T11:02:56+00:00","breadcrumb":{"@id":"https:\/\/cicero-management-akademie.de\/fr\/diplomation\/#breadcrumb"},"inLanguage":"en-US","potentialAction":[{"@type":"ReadAction","target":["https:\/\/cicero-management-akademie.de\/fr\/diplomation\/"]}]},{"@type":"BreadcrumbList","@id":"https:\/\/cicero-management-akademie.de\/fr\/diplomation\/#breadcrumb","itemListElement":[{"@type":"ListItem","position":1,"name":"Startseite","item":"https:\/\/cicero-management-akademie.de\/en\/"},{"@type":"ListItem","position":2,"name":"Diplomation"}]},{"@type":"WebSite","@id":"https:\/\/cicero-management-akademie.de\/en\/#website","url":"https:\/\/cicero-management-akademie.de\/en\/","name":"CiceroManagementAkademie","description":"Akademie","publisher":{"@id":"https:\/\/cicero-management-akademie.de\/en\/#organization"},"potentialAction":[{"@type":"SearchAction","target":{"@type":"EntryPoint","urlTemplate":"https:\/\/cicero-management-akademie.de\/en\/?s={search_term_string}"},"query-input":"required name=search_term_string"}],"inLanguage":"en-US"},{"@type":"Organization","@id":"https:\/\/cicero-management-akademie.de\/en\/#organization","name":"Cicero Management Akademie","url":"https:\/\/cicero-management-akademie.de\/en\/","logo":{"@type":"ImageObject","inLanguage":"en-US","@id":"https:\/\/cicero-management-akademie.de\/en\/#\/schema\/logo\/image\/","url":"https:\/\/cicero-management-akademie.de\/wp-content\/uploads\/2022\/05\/logo-cicero.jpg","contentUrl":"https:\/\/cicero-management-akademie.de\/wp-content\/uploads\/2022\/05\/logo-cicero.jpg","width":512,"height":236,"caption":"Cicero Management Akademie"},"image":{"@id":"https:\/\/cicero-management-akademie.de\/en\/#\/schema\/logo\/image\/"}}]}},"_links":{"self":[{"href":"https:\/\/cicero-management-akademie.de\/en\/wp-json\/wp\/v2\/pages\/8160"}],"collection":[{"href":"https:\/\/cicero-management-akademie.de\/en\/wp-json\/wp\/v2\/pages"}],"about":[{"href":"https:\/\/cicero-management-akademie.de\/en\/wp-json\/wp\/v2\/types\/page"}],"author":[{"embeddable":true,"href":"https:\/\/cicero-management-akademie.de\/en\/wp-json\/wp\/v2\/users\/2"}],"replies":[{"embeddable":true,"href":"https:\/\/cicero-management-akademie.de\/en\/wp-json\/wp\/v2\/comments?post=8160"}],"version-history":[{"count":0,"href":"https:\/\/cicero-management-akademie.de\/en\/wp-json\/wp\/v2\/pages\/8160\/revisions"}],"wp:attachment":[{"href":"https:\/\/cicero-management-akademie.de\/en\/wp-json\/wp\/v2\/media?parent=8160"}],"curies":[{"name":"wp","href":"https:\/\/api.w.org\/{rel}","templated":true}]}}