{"id":8383,"date":"2023-03-27T13:44:11","date_gmt":"2023-03-27T13:44:11","guid":{"rendered":"https:\/\/cicero-management-akademie.de\/?page_id=8383"},"modified":"2023-04-11T15:59:07","modified_gmt":"2023-04-11T15:59:07","slug":"offre-premium","status":"publish","type":"page","link":"https:\/\/cicero-management-akademie.de\/en\/offre-premium\/","title":{"rendered":"Offre Premium"},"content":{"rendered":"<div data-elementor-type=\"wp-page\" data-elementor-id=\"8383\" class=\"elementor elementor-8383\">\n\t\t\t\t\t\t\t\t\t<section class=\"elementor-section elementor-top-section elementor-element elementor-element-5322c57 elementor-section-height-min-height elementor-section-boxed elementor-section-height-default elementor-section-items-middle\" data-id=\"5322c57\" data-element_type=\"section\" data-settings=\"{&quot;background_background&quot;:&quot;classic&quot;}\">\n\t\t\t\t\t\t\t<div class=\"elementor-background-overlay\"><\/div>\n\t\t\t\t\t\t\t<div class=\"elementor-container elementor-column-gap-default\">\n\t\t\t\t\t<div class=\"elementor-column elementor-col-100 elementor-top-column elementor-element elementor-element-20aeb830\" data-id=\"20aeb830\" data-element_type=\"column\">\n\t\t\t<div class=\"elementor-widget-wrap elementor-element-populated\">\n\t\t\t\t\t\t\t\t<div class=\"elementor-element elementor-element-547bc880 animated-slow elementor-invisible elementor-widget elementor-widget-heading\" data-id=\"547bc880\" data-element_type=\"widget\" data-settings=\"{&quot;_animation&quot;:&quot;fadeIn&quot;}\" data-widget_type=\"heading.default\">\n\t\t\t\t<div class=\"elementor-widget-container\">\n\t\t\t<style>\/*! elementor - v3.18.0 - 20-12-2023 *\/\n.elementor-heading-title{padding:0;margin:0;line-height:1}.elementor-widget-heading .elementor-heading-title[class*=elementor-size-]>a{color:inherit;font-size:inherit;line-height:inherit}.elementor-widget-heading .elementor-heading-title.elementor-size-small{font-size:15px}.elementor-widget-heading .elementor-heading-title.elementor-size-medium{font-size:19px}.elementor-widget-heading .elementor-heading-title.elementor-size-large{font-size:29px}.elementor-widget-heading .elementor-heading-title.elementor-size-xl{font-size:39px}.elementor-widget-heading .elementor-heading-title.elementor-size-xxl{font-size:59px}<\/style><h1 class=\"elementor-heading-title elementor-size-default\">Premium<\/h1>\t\t<\/div>\n\t\t\t\t<\/div>\n\t\t\t\t<div class=\"elementor-element elementor-element-3e373f0a elementor-widget elementor-widget-spacer\" data-id=\"3e373f0a\" data-element_type=\"widget\" data-widget_type=\"spacer.default\">\n\t\t\t\t<div class=\"elementor-widget-container\">\n\t\t\t<style>\/*! elementor - v3.18.0 - 20-12-2023 *\/\n.elementor-column .elementor-spacer-inner{height:var(--spacer-size)}.e-con{--container-widget-width:100%}.e-con-inner>.elementor-widget-spacer,.e-con>.elementor-widget-spacer{width:var(--container-widget-width,var(--spacer-size));--align-self:var(--container-widget-align-self,initial);--flex-shrink:0}.e-con-inner>.elementor-widget-spacer>.elementor-widget-container,.e-con>.elementor-widget-spacer>.elementor-widget-container{height:100%;width:100%}.e-con-inner>.elementor-widget-spacer>.elementor-widget-container>.elementor-spacer,.e-con>.elementor-widget-spacer>.elementor-widget-container>.elementor-spacer{height:100%}.e-con-inner>.elementor-widget-spacer>.elementor-widget-container>.elementor-spacer>.elementor-spacer-inner,.e-con>.elementor-widget-spacer>.elementor-widget-container>.elementor-spacer>.elementor-spacer-inner{height:var(--container-widget-height,var(--spacer-size))}.e-con-inner>.elementor-widget-spacer.elementor-widget-empty,.e-con>.elementor-widget-spacer.elementor-widget-empty{position:relative;min-height:22px;min-width:22px}.e-con-inner>.elementor-widget-spacer.elementor-widget-empty .elementor-widget-empty-icon,.e-con>.elementor-widget-spacer.elementor-widget-empty .elementor-widget-empty-icon{position:absolute;top:0;bottom:0;left:0;right:0;margin:auto;padding:0;width:22px;height:22px}<\/style>\t\t<div class=\"elementor-spacer\">\n\t\t\t<div class=\"elementor-spacer-inner\"><\/div>\n\t\t<\/div>\n\t\t\t\t<\/div>\n\t\t\t\t<\/div>\n\t\t\t\t<section class=\"elementor-section elementor-inner-section elementor-element elementor-element-51b8f603 elementor-section-boxed elementor-section-height-default elementor-section-height-default\" data-id=\"51b8f603\" data-element_type=\"section\">\n\t\t\t\t\t\t<div class=\"elementor-container elementor-column-gap-default\">\n\t\t\t\t\t<div class=\"elementor-column elementor-col-50 elementor-inner-column elementor-element elementor-element-2beedbf2\" data-id=\"2beedbf2\" data-element_type=\"column\">\n\t\t\t<div class=\"elementor-widget-wrap elementor-element-populated\">\n\t\t\t\t\t\t\t\t<div class=\"elementor-element elementor-element-67663f6 elementor-invisible elementor-widget elementor-widget-text-editor\" data-id=\"67663f6\" data-element_type=\"widget\" data-settings=\"{&quot;_animation&quot;:&quot;fadeIn&quot;}\" data-widget_type=\"text-editor.default\">\n\t\t\t\t<div class=\"elementor-widget-container\">\n\t\t\t<style>\/*! elementor - v3.18.0 - 20-12-2023 *\/\n.elementor-widget-text-editor.elementor-drop-cap-view-stacked .elementor-drop-cap{background-color:#69727d;color:#fff}.elementor-widget-text-editor.elementor-drop-cap-view-framed .elementor-drop-cap{color:#69727d;border:3px solid;background-color:transparent}.elementor-widget-text-editor:not(.elementor-drop-cap-view-default) .elementor-drop-cap{margin-top:8px}.elementor-widget-text-editor:not(.elementor-drop-cap-view-default) .elementor-drop-cap-letter{width:1em;height:1em}.elementor-widget-text-editor .elementor-drop-cap{float:left;text-align:center;line-height:1;font-size:50px}.elementor-widget-text-editor .elementor-drop-cap-letter{display:inline-block}<\/style>\t\t\t\t<p><strong><span style=\"text-decoration: underline;\">Intervenant:<\/span>\u00a0<\/strong> Un expert ou un conseiller CMA<\/p>\n<p><strong><span style=\"text-decoration: underline;\">Public concern\u00e9:<\/span><\/strong> Doctorants de toutes ann\u00e9es de disciplines<\/p>\n<p><strong><span style=\"text-decoration: underline;\">Calendrier :<\/span><\/strong> Rendez-vous r\u00e9partis sur 4 mois<\/p>\n<p><strong><span style=\"text-decoration: underline;\">Forme :<\/span><\/strong> S\u00e9ance individuelle<\/p>\n<p><strong><span style=\"text-decoration: underline;\">Nombre de s\u00e9ances :<\/span><\/strong> 12 S\u00e9ances<\/p>\n<p><strong><span style=\"text-decoration: underline;\">Dur\u00e9e valid\u00e9e :<\/span><\/strong> 1h\/s\u00e9ance<\/p>\n<p><span style=\"text-decoration: underline;\"><strong>Type de s\u00e9ance :<\/strong><\/span> Individuelle<\/p>\n<p><span style=\"text-decoration: underline;\"><strong>Canal de formation :<\/strong><\/span> Whatsapp, Skype, Zoom, Meet<\/p>\n<p><strong>Service offert :<\/strong>\u00a0Coaching, Master class, Conf\u00e9rence, Entra\u00eenement<\/p>\n<p><strong>Service offert :<\/strong>\u00a0Leadership, Droit, Entra\u00eenement, Personnalit\u00e9, Technologie, E-commerce, Cours en ligne, Motivation, Entrepreneuriat, Humanitaire, Image, Mode de vie, Investissement, Conseil, D\u00e9veloppement personnel, Autre<\/p>\n\t\t\t\t\t\t<\/div>\n\t\t\t\t<\/div>\n\t\t\t\t\t<\/div>\n\t\t<\/div>\n\t\t\t\t<div class=\"elementor-column elementor-col-50 elementor-inner-column elementor-element elementor-element-162b0fe\" data-id=\"162b0fe\" data-element_type=\"column\">\n\t\t\t<div class=\"elementor-widget-wrap elementor-element-populated\">\n\t\t\t\t\t\t\t\t<div class=\"elementor-element elementor-element-69e5a6fd elementor-invisible elementor-widget elementor-widget-image\" data-id=\"69e5a6fd\" data-element_type=\"widget\" data-settings=\"{&quot;_animation&quot;:&quot;fadeInUp&quot;}\" data-widget_type=\"image.default\">\n\t\t\t\t<div class=\"elementor-widget-container\">\n\t\t\t<style>\/*! elementor - v3.18.0 - 20-12-2023 *\/\n.elementor-widget-image{text-align:center}.elementor-widget-image a{display:inline-block}.elementor-widget-image a img[src$=\".svg\"]{width:48px}.elementor-widget-image img{vertical-align:middle;display:inline-block}<\/style>\t\t\t\t\t\t\t\t\t\t\t\t<img fetchpriority=\"high\" decoding=\"async\" width=\"800\" height=\"450\" src=\"https:\/\/cicero-management-akademie.de\/wp-content\/uploads\/2023\/03\/career-coach-with-mba-student.jpeg\" class=\"attachment-large size-large wp-image-8386\" alt=\"\" srcset=\"https:\/\/cicero-management-akademie.de\/wp-content\/uploads\/2023\/03\/career-coach-with-mba-student.jpeg 800w, https:\/\/cicero-management-akademie.de\/wp-content\/uploads\/2023\/03\/career-coach-with-mba-student-300x169.jpeg 300w, https:\/\/cicero-management-akademie.de\/wp-content\/uploads\/2023\/03\/career-coach-with-mba-student-768x432.jpeg 768w, https:\/\/cicero-management-akademie.de\/wp-content\/uploads\/2023\/03\/career-coach-with-mba-student-18x10.jpeg 18w, https:\/\/cicero-management-akademie.de\/wp-content\/uploads\/2023\/03\/career-coach-with-mba-student-270x153.jpeg 270w, https:\/\/cicero-management-akademie.de\/wp-content\/uploads\/2023\/03\/career-coach-with-mba-student-600x338.jpeg 600w\" sizes=\"(max-width: 800px) 100vw, 800px\" \/>\t\t\t\t\t\t\t\t\t\t\t\t\t\t\t<\/div>\n\t\t\t\t<\/div>\n\t\t\t\t\t<\/div>\n\t\t<\/div>\n\t\t\t\t\t\t\t<\/div>\n\t\t<\/section>\n\t\t\t\t\t<\/div>\n\t\t<\/div>\n\t\t\t\t\t\t\t<\/div>\n\t\t<\/section>\n\t\t\t\t\t\t\t<\/div>","protected":false},"excerpt":{"rendered":"<p>Premium Intervenant:\u00a0 Un expert ou un conseiller CMA Public concern\u00e9: Doctorants de toutes ann\u00e9es de disciplines Calendrier : Rendez-vous r\u00e9partis sur 4 mois Forme : S\u00e9ance individuelle Nombre de s\u00e9ances : 12 S\u00e9ances Dur\u00e9e valid\u00e9e : 1h\/s\u00e9ance Type de s\u00e9ance : Individuelle Canal de formation : Whatsapp, Skype, Zoom, Meet Service offert :\u00a0Coaching, Master class, [&hellip;]<\/p>","protected":false},"author":2,"featured_media":0,"parent":0,"menu_order":0,"comment_status":"closed","ping_status":"closed","template":"elementor_header_footer","meta":{"pmpro_default_level":0,"footnotes":""},"yoast_head":"<!-- This site is optimized with the Yoast SEO plugin v21.7 - https:\/\/yoast.com\/wordpress\/plugins\/seo\/ -->\n<title>Offre Premium - CiceroManagementAkademie<\/title>\n<meta name=\"robots\" content=\"index, follow, max-snippet:-1, max-image-preview:large, max-video-preview:-1\" \/>\n<link rel=\"canonical\" href=\"https:\/\/cicero-management-akademie.de\/en\/offre-premium\/\" \/>\n<meta property=\"og:locale\" content=\"en_US\" \/>\n<meta property=\"og:type\" content=\"article\" \/>\n<meta property=\"og:title\" content=\"Offre Premium - CiceroManagementAkademie\" \/>\n<meta property=\"og:description\" content=\"Premium Intervenant:\u00a0 Un expert ou un conseiller CMA Public concern\u00e9: Doctorants de toutes ann\u00e9es de disciplines Calendrier : Rendez-vous r\u00e9partis sur 4 mois Forme : S\u00e9ance individuelle Nombre de s\u00e9ances : 12 S\u00e9ances Dur\u00e9e valid\u00e9e : 1h\/s\u00e9ance Type de s\u00e9ance : Individuelle Canal de formation : Whatsapp, Skype, Zoom, Meet Service offert :\u00a0Coaching, Master class, [&hellip;]\" \/>\n<meta property=\"og:url\" content=\"https:\/\/cicero-management-akademie.de\/en\/offre-premium\/\" \/>\n<meta property=\"og:site_name\" content=\"CiceroManagementAkademie\" \/>\n<meta property=\"article:modified_time\" content=\"2023-04-11T15:59:07+00:00\" \/>\n<meta property=\"og:image\" content=\"https:\/\/cicero-management-akademie.de\/wp-content\/uploads\/2023\/03\/career-coach-with-mba-student.jpeg\" \/>\n<meta name=\"twitter:card\" content=\"summary_large_image\" \/>\n<meta name=\"twitter:label1\" content=\"Est. reading time\" \/>\n\t<meta name=\"twitter:data1\" content=\"1 minute\" \/>\n<script type=\"application\/ld+json\" class=\"yoast-schema-graph\">{\"@context\":\"https:\/\/schema.org\",\"@graph\":[{\"@type\":\"WebPage\",\"@id\":\"https:\/\/cicero-management-akademie.de\/fr\/offre-premium\/\",\"url\":\"https:\/\/cicero-management-akademie.de\/fr\/offre-premium\/\",\"name\":\"Offre Premium - CiceroManagementAkademie\",\"isPartOf\":{\"@id\":\"https:\/\/cicero-management-akademie.de\/en\/#website\"},\"datePublished\":\"2023-03-27T13:44:11+00:00\",\"dateModified\":\"2023-04-11T15:59:07+00:00\",\"breadcrumb\":{\"@id\":\"https:\/\/cicero-management-akademie.de\/fr\/offre-premium\/#breadcrumb\"},\"inLanguage\":\"en-US\",\"potentialAction\":[{\"@type\":\"ReadAction\",\"target\":[\"https:\/\/cicero-management-akademie.de\/fr\/offre-premium\/\"]}]},{\"@type\":\"BreadcrumbList\",\"@id\":\"https:\/\/cicero-management-akademie.de\/fr\/offre-premium\/#breadcrumb\",\"itemListElement\":[{\"@type\":\"ListItem\",\"position\":1,\"name\":\"Startseite\",\"item\":\"https:\/\/cicero-management-akademie.de\/en\/\"},{\"@type\":\"ListItem\",\"position\":2,\"name\":\"Offre Premium\"}]},{\"@type\":\"WebSite\",\"@id\":\"https:\/\/cicero-management-akademie.de\/en\/#website\",\"url\":\"https:\/\/cicero-management-akademie.de\/en\/\",\"name\":\"CiceroManagementAkademie\",\"description\":\"Akademie\",\"publisher\":{\"@id\":\"https:\/\/cicero-management-akademie.de\/en\/#organization\"},\"potentialAction\":[{\"@type\":\"SearchAction\",\"target\":{\"@type\":\"EntryPoint\",\"urlTemplate\":\"https:\/\/cicero-management-akademie.de\/en\/?s={search_term_string}\"},\"query-input\":\"required name=search_term_string\"}],\"inLanguage\":\"en-US\"},{\"@type\":\"Organization\",\"@id\":\"https:\/\/cicero-management-akademie.de\/en\/#organization\",\"name\":\"Cicero Management Akademie\",\"url\":\"https:\/\/cicero-management-akademie.de\/en\/\",\"logo\":{\"@type\":\"ImageObject\",\"inLanguage\":\"en-US\",\"@id\":\"https:\/\/cicero-management-akademie.de\/en\/#\/schema\/logo\/image\/\",\"url\":\"https:\/\/cicero-management-akademie.de\/wp-content\/uploads\/2022\/05\/logo-cicero.jpg\",\"contentUrl\":\"https:\/\/cicero-management-akademie.de\/wp-content\/uploads\/2022\/05\/logo-cicero.jpg\",\"width\":512,\"height\":236,\"caption\":\"Cicero Management Akademie\"},\"image\":{\"@id\":\"https:\/\/cicero-management-akademie.de\/en\/#\/schema\/logo\/image\/\"}}]}<\/script>\n<!-- \/ Yoast SEO plugin. -->","yoast_head_json":{"title":"Offre Premium - CiceroManagementAkademie","robots":{"index":"index","follow":"follow","max-snippet":"max-snippet:-1","max-image-preview":"max-image-preview:large","max-video-preview":"max-video-preview:-1"},"canonical":"https:\/\/cicero-management-akademie.de\/en\/offre-premium\/","og_locale":"en_US","og_type":"article","og_title":"Offre Premium - CiceroManagementAkademie","og_description":"Premium Intervenant:\u00a0 Un expert ou un conseiller CMA Public concern\u00e9: Doctorants de toutes ann\u00e9es de disciplines Calendrier : Rendez-vous r\u00e9partis sur 4 mois Forme : S\u00e9ance individuelle Nombre de s\u00e9ances : 12 S\u00e9ances Dur\u00e9e valid\u00e9e : 1h\/s\u00e9ance Type de s\u00e9ance : Individuelle Canal de formation : Whatsapp, Skype, Zoom, Meet Service offert :\u00a0Coaching, Master class, [&hellip;]","og_url":"https:\/\/cicero-management-akademie.de\/en\/offre-premium\/","og_site_name":"CiceroManagementAkademie","article_modified_time":"2023-04-11T15:59:07+00:00","og_image":[{"url":"https:\/\/cicero-management-akademie.de\/wp-content\/uploads\/2023\/03\/career-coach-with-mba-student.jpeg"}],"twitter_card":"summary_large_image","twitter_misc":{"Est. reading time":"1 minute"},"schema":{"@context":"https:\/\/schema.org","@graph":[{"@type":"WebPage","@id":"https:\/\/cicero-management-akademie.de\/fr\/offre-premium\/","url":"https:\/\/cicero-management-akademie.de\/fr\/offre-premium\/","name":"Offre Premium - CiceroManagementAkademie","isPartOf":{"@id":"https:\/\/cicero-management-akademie.de\/en\/#website"},"datePublished":"2023-03-27T13:44:11+00:00","dateModified":"2023-04-11T15:59:07+00:00","breadcrumb":{"@id":"https:\/\/cicero-management-akademie.de\/fr\/offre-premium\/#breadcrumb"},"inLanguage":"en-US","potentialAction":[{"@type":"ReadAction","target":["https:\/\/cicero-management-akademie.de\/fr\/offre-premium\/"]}]},{"@type":"BreadcrumbList","@id":"https:\/\/cicero-management-akademie.de\/fr\/offre-premium\/#breadcrumb","itemListElement":[{"@type":"ListItem","position":1,"name":"Startseite","item":"https:\/\/cicero-management-akademie.de\/en\/"},{"@type":"ListItem","position":2,"name":"Offre Premium"}]},{"@type":"WebSite","@id":"https:\/\/cicero-management-akademie.de\/en\/#website","url":"https:\/\/cicero-management-akademie.de\/en\/","name":"CiceroManagementAkademie","description":"Akademie","publisher":{"@id":"https:\/\/cicero-management-akademie.de\/en\/#organization"},"potentialAction":[{"@type":"SearchAction","target":{"@type":"EntryPoint","urlTemplate":"https:\/\/cicero-management-akademie.de\/en\/?s={search_term_string}"},"query-input":"required name=search_term_string"}],"inLanguage":"en-US"},{"@type":"Organization","@id":"https:\/\/cicero-management-akademie.de\/en\/#organization","name":"Cicero Management Akademie","url":"https:\/\/cicero-management-akademie.de\/en\/","logo":{"@type":"ImageObject","inLanguage":"en-US","@id":"https:\/\/cicero-management-akademie.de\/en\/#\/schema\/logo\/image\/","url":"https:\/\/cicero-management-akademie.de\/wp-content\/uploads\/2022\/05\/logo-cicero.jpg","contentUrl":"https:\/\/cicero-management-akademie.de\/wp-content\/uploads\/2022\/05\/logo-cicero.jpg","width":512,"height":236,"caption":"Cicero Management Akademie"},"image":{"@id":"https:\/\/cicero-management-akademie.de\/en\/#\/schema\/logo\/image\/"}}]}},"_links":{"self":[{"href":"https:\/\/cicero-management-akademie.de\/en\/wp-json\/wp\/v2\/pages\/8383"}],"collection":[{"href":"https:\/\/cicero-management-akademie.de\/en\/wp-json\/wp\/v2\/pages"}],"about":[{"href":"https:\/\/cicero-management-akademie.de\/en\/wp-json\/wp\/v2\/types\/page"}],"author":[{"embeddable":true,"href":"https:\/\/cicero-management-akademie.de\/en\/wp-json\/wp\/v2\/users\/2"}],"replies":[{"embeddable":true,"href":"https:\/\/cicero-management-akademie.de\/en\/wp-json\/wp\/v2\/comments?post=8383"}],"version-history":[{"count":0,"href":"https:\/\/cicero-management-akademie.de\/en\/wp-json\/wp\/v2\/pages\/8383\/revisions"}],"wp:attachment":[{"href":"https:\/\/cicero-management-akademie.de\/en\/wp-json\/wp\/v2\/media?parent=8383"}],"curies":[{"name":"wp","href":"https:\/\/api.w.org\/{rel}","templated":true}]}}