{"id":5974,"date":"2022-04-28T07:17:40","date_gmt":"2022-04-28T07:17:40","guid":{"rendered":"https:\/\/cicero-management-akademie.de\/?post_type=product&#038;p=5974"},"modified":"2025-05-24T12:16:09","modified_gmt":"2025-05-24T12:16:09","slug":"t-shirts-en-coton-epais-avec-impression-hd-l","status":"publish","type":"product","link":"https:\/\/cicero-management-akademie.de\/en\/produkt\/t-shirts-en-coton-epais-avec-impression-hd-l\/","title":{"rendered":"T-shirts en coton \u00e9pais avec impression HD &#8211; L"},"content":{"rendered":"<p>Ce T-shirt en coton de haute qualit\u00e9 avec le logo Cicero Management Akademie (CMA) \u00a0est vraiment tr\u00e8s pratique pour les activit\u00e9s et excursions (voyages, exp\u00e9ditions,<br \/>\nexcursions, etc.) g\u00e9n\u00e9ralement ou en lien avec le programme CMA. Il peut bien s\u00fbr \u00eatre utile \u00e0 votre quotidien ou vous per\u00f6ettre de montrer votre soutien au programme CMA.<\/p>\n<p>Couleur du tee-shirt : blanc<br \/>\nTaille unique : L<br \/>\nTechnique : Impression HD<\/p>","protected":false},"excerpt":{"rendered":"<p>Ce T-shirt en coton de haute qualit\u00e9 avec le logo Cicero Management Akademie (CMA) \u00a0est vraiment tr\u00e8s pratique pour les activit\u00e9s et excursions (voyages, exp\u00e9ditions,<br \/>\nexcursions, etc.) g\u00e9n\u00e9ralement ou en lien avec le programme CMA. Il peut bien s\u00fbr \u00eatre utile \u00e0 votre quotidien ou vous per\u00f6ettre de montrer votre soutien au programme CMA.<\/p>","protected":false},"featured_media":5972,"comment_status":"open","ping_status":"closed","template":"","meta":{"pmpro_default_level":0},"product_cat":[281],"product_tag":[],"yoast_head":"<!-- This site is optimized with the Yoast SEO plugin v21.7 - https:\/\/yoast.com\/wordpress\/plugins\/seo\/ -->\n<title>T-shirts en coton \u00e9pais avec impression HD - L - CiceroManagementAkademie<\/title>\n<meta name=\"robots\" content=\"index, follow, max-snippet:-1, max-image-preview:large, max-video-preview:-1\" \/>\n<link rel=\"canonical\" href=\"https:\/\/cicero-management-akademie.de\/en\/produkt\/t-shirts-en-coton-epais-avec-impression-hd-l\/\" \/>\n<meta property=\"og:locale\" content=\"en_US\" \/>\n<meta property=\"og:type\" content=\"article\" \/>\n<meta property=\"og:title\" content=\"T-shirts en coton \u00e9pais avec impression HD - L - CiceroManagementAkademie\" \/>\n<meta property=\"og:description\" content=\"Ce T-shirt en coton de haute qualit\u00e9 avec le logo Cicero Management Akademie (CMA) \u00a0est vraiment tr\u00e8s pratique pour les activit\u00e9s et excursions (voyages, exp\u00e9ditions, excursions, etc.) g\u00e9n\u00e9ralement ou en lien avec le programme CMA. Il peut bien s\u00fbr \u00eatre utile \u00e0 votre quotidien ou vous per\u00f6ettre de montrer votre soutien au programme CMA.\" \/>\n<meta property=\"og:url\" content=\"https:\/\/cicero-management-akademie.de\/en\/produkt\/t-shirts-en-coton-epais-avec-impression-hd-l\/\" \/>\n<meta property=\"og:site_name\" content=\"CiceroManagementAkademie\" \/>\n<meta property=\"article:modified_time\" content=\"2025-05-24T12:16:09+00:00\" \/>\n<meta property=\"og:image\" content=\"https:\/\/cicero-management-akademie.de\/wp-content\/uploads\/2022\/04\/cma-shirt_men-499x499.png\" \/>\n\t<meta property=\"og:image:width\" content=\"500\" \/>\n\t<meta property=\"og:image:height\" content=\"500\" \/>\n\t<meta property=\"og:image:type\" content=\"image\/png\" \/>\n<meta name=\"twitter:card\" content=\"summary_large_image\" \/>\n<script type=\"application\/ld+json\" class=\"yoast-schema-graph\">{\"@context\":\"https:\/\/schema.org\",\"@graph\":[{\"@type\":\"WebPage\",\"@id\":\"https:\/\/cicero-management-akademie.de\/en\/produkt\/t-shirts-en-coton-epais-avec-impression-hd-l\/\",\"url\":\"https:\/\/cicero-management-akademie.de\/en\/produkt\/t-shirts-en-coton-epais-avec-impression-hd-l\/\",\"name\":\"T-shirts en coton \u00e9pais avec impression HD - L - CiceroManagementAkademie\",\"isPartOf\":{\"@id\":\"https:\/\/cicero-management-akademie.de\/en\/#website\"},\"datePublished\":\"2022-04-28T07:17:40+00:00\",\"dateModified\":\"2025-05-24T12:16:09+00:00\",\"breadcrumb\":{\"@id\":\"https:\/\/cicero-management-akademie.de\/en\/produkt\/t-shirts-en-coton-epais-avec-impression-hd-l\/#breadcrumb\"},\"inLanguage\":\"en-US\",\"potentialAction\":[{\"@type\":\"ReadAction\",\"target\":[\"https:\/\/cicero-management-akademie.de\/en\/produkt\/t-shirts-en-coton-epais-avec-impression-hd-l\/\"]}]},{\"@type\":\"BreadcrumbList\",\"@id\":\"https:\/\/cicero-management-akademie.de\/en\/produkt\/t-shirts-en-coton-epais-avec-impression-hd-l\/#breadcrumb\",\"itemListElement\":[{\"@type\":\"ListItem\",\"position\":1,\"name\":\"Startseite\",\"item\":\"https:\/\/cicero-management-akademie.de\/en\/\"},{\"@type\":\"ListItem\",\"position\":2,\"name\":\"BOUTIQUE\",\"item\":\"https:\/\/cicero-management-akademie.de\/fr\/shop-2\/\"},{\"@type\":\"ListItem\",\"position\":3,\"name\":\"T-shirts en coton \u00e9pais avec impression HD &#8211; L\"}]},{\"@type\":\"WebSite\",\"@id\":\"https:\/\/cicero-management-akademie.de\/en\/#website\",\"url\":\"https:\/\/cicero-management-akademie.de\/en\/\",\"name\":\"CiceroManagementAkademie\",\"description\":\"Akademie\",\"publisher\":{\"@id\":\"https:\/\/cicero-management-akademie.de\/en\/#organization\"},\"potentialAction\":[{\"@type\":\"SearchAction\",\"target\":{\"@type\":\"EntryPoint\",\"urlTemplate\":\"https:\/\/cicero-management-akademie.de\/en\/?s={search_term_string}\"},\"query-input\":\"required name=search_term_string\"}],\"inLanguage\":\"en-US\"},{\"@type\":\"Organization\",\"@id\":\"https:\/\/cicero-management-akademie.de\/en\/#organization\",\"name\":\"Cicero Management Akademie\",\"url\":\"https:\/\/cicero-management-akademie.de\/en\/\",\"logo\":{\"@type\":\"ImageObject\",\"inLanguage\":\"en-US\",\"@id\":\"https:\/\/cicero-management-akademie.de\/en\/#\/schema\/logo\/image\/\",\"url\":\"https:\/\/cicero-management-akademie.de\/wp-content\/uploads\/2022\/05\/logo-cicero.jpg\",\"contentUrl\":\"https:\/\/cicero-management-akademie.de\/wp-content\/uploads\/2022\/05\/logo-cicero.jpg\",\"width\":512,\"height\":236,\"caption\":\"Cicero Management Akademie\"},\"image\":{\"@id\":\"https:\/\/cicero-management-akademie.de\/en\/#\/schema\/logo\/image\/\"}}]}<\/script>\n<!-- \/ Yoast SEO plugin. -->","yoast_head_json":{"title":"T-shirts en coton \u00e9pais avec impression HD - L - CiceroManagementAkademie","robots":{"index":"index","follow":"follow","max-snippet":"max-snippet:-1","max-image-preview":"max-image-preview:large","max-video-preview":"max-video-preview:-1"},"canonical":"https:\/\/cicero-management-akademie.de\/en\/produkt\/t-shirts-en-coton-epais-avec-impression-hd-l\/","og_locale":"en_US","og_type":"article","og_title":"T-shirts en coton \u00e9pais avec impression HD - L - CiceroManagementAkademie","og_description":"Ce T-shirt en coton de haute qualit\u00e9 avec le logo Cicero Management Akademie (CMA) \u00a0est vraiment tr\u00e8s pratique pour les activit\u00e9s et excursions (voyages, exp\u00e9ditions, excursions, etc.) g\u00e9n\u00e9ralement ou en lien avec le programme CMA. Il peut bien s\u00fbr \u00eatre utile \u00e0 votre quotidien ou vous per\u00f6ettre de montrer votre soutien au programme CMA.","og_url":"https:\/\/cicero-management-akademie.de\/en\/produkt\/t-shirts-en-coton-epais-avec-impression-hd-l\/","og_site_name":"CiceroManagementAkademie","article_modified_time":"2025-05-24T12:16:09+00:00","og_image":[{"width":500,"height":500,"url":"https:\/\/cicero-management-akademie.de\/wp-content\/uploads\/2022\/04\/cma-shirt_men-499x499.png","type":"image\/png"}],"twitter_card":"summary_large_image","schema":{"@context":"https:\/\/schema.org","@graph":[{"@type":"WebPage","@id":"https:\/\/cicero-management-akademie.de\/en\/produkt\/t-shirts-en-coton-epais-avec-impression-hd-l\/","url":"https:\/\/cicero-management-akademie.de\/en\/produkt\/t-shirts-en-coton-epais-avec-impression-hd-l\/","name":"T-shirts en coton \u00e9pais avec impression HD - L - CiceroManagementAkademie","isPartOf":{"@id":"https:\/\/cicero-management-akademie.de\/en\/#website"},"datePublished":"2022-04-28T07:17:40+00:00","dateModified":"2025-05-24T12:16:09+00:00","breadcrumb":{"@id":"https:\/\/cicero-management-akademie.de\/en\/produkt\/t-shirts-en-coton-epais-avec-impression-hd-l\/#breadcrumb"},"inLanguage":"en-US","potentialAction":[{"@type":"ReadAction","target":["https:\/\/cicero-management-akademie.de\/en\/produkt\/t-shirts-en-coton-epais-avec-impression-hd-l\/"]}]},{"@type":"BreadcrumbList","@id":"https:\/\/cicero-management-akademie.de\/en\/produkt\/t-shirts-en-coton-epais-avec-impression-hd-l\/#breadcrumb","itemListElement":[{"@type":"ListItem","position":1,"name":"Startseite","item":"https:\/\/cicero-management-akademie.de\/en\/"},{"@type":"ListItem","position":2,"name":"BOUTIQUE","item":"https:\/\/cicero-management-akademie.de\/fr\/shop-2\/"},{"@type":"ListItem","position":3,"name":"T-shirts en coton \u00e9pais avec impression HD &#8211; L"}]},{"@type":"WebSite","@id":"https:\/\/cicero-management-akademie.de\/en\/#website","url":"https:\/\/cicero-management-akademie.de\/en\/","name":"CiceroManagementAkademie","description":"Akademie","publisher":{"@id":"https:\/\/cicero-management-akademie.de\/en\/#organization"},"potentialAction":[{"@type":"SearchAction","target":{"@type":"EntryPoint","urlTemplate":"https:\/\/cicero-management-akademie.de\/en\/?s={search_term_string}"},"query-input":"required name=search_term_string"}],"inLanguage":"en-US"},{"@type":"Organization","@id":"https:\/\/cicero-management-akademie.de\/en\/#organization","name":"Cicero Management Akademie","url":"https:\/\/cicero-management-akademie.de\/en\/","logo":{"@type":"ImageObject","inLanguage":"en-US","@id":"https:\/\/cicero-management-akademie.de\/en\/#\/schema\/logo\/image\/","url":"https:\/\/cicero-management-akademie.de\/wp-content\/uploads\/2022\/05\/logo-cicero.jpg","contentUrl":"https:\/\/cicero-management-akademie.de\/wp-content\/uploads\/2022\/05\/logo-cicero.jpg","width":512,"height":236,"caption":"Cicero Management Akademie"},"image":{"@id":"https:\/\/cicero-management-akademie.de\/en\/#\/schema\/logo\/image\/"}}]}},"_links":{"self":[{"href":"https:\/\/cicero-management-akademie.de\/en\/wp-json\/wp\/v2\/product\/5974"}],"collection":[{"href":"https:\/\/cicero-management-akademie.de\/en\/wp-json\/wp\/v2\/product"}],"about":[{"href":"https:\/\/cicero-management-akademie.de\/en\/wp-json\/wp\/v2\/types\/product"}],"replies":[{"embeddable":true,"href":"https:\/\/cicero-management-akademie.de\/en\/wp-json\/wp\/v2\/comments?post=5974"}],"version-history":[{"count":0,"href":"https:\/\/cicero-management-akademie.de\/en\/wp-json\/wp\/v2\/product\/5974\/revisions"}],"wp:featuredmedia":[{"embeddable":true,"href":"https:\/\/cicero-management-akademie.de\/en\/wp-json\/wp\/v2\/media\/5972"}],"wp:attachment":[{"href":"https:\/\/cicero-management-akademie.de\/en\/wp-json\/wp\/v2\/media?parent=5974"}],"wp:term":[{"taxonomy":"product_cat","embeddable":true,"href":"https:\/\/cicero-management-akademie.de\/en\/wp-json\/wp\/v2\/product_cat?post=5974"},{"taxonomy":"product_tag","embeddable":true,"href":"https:\/\/cicero-management-akademie.de\/en\/wp-json\/wp\/v2\/product_tag?post=5974"}],"curies":[{"name":"wp","href":"https:\/\/api.w.org\/{rel}","templated":true}]}}