{"id":7642,"date":"2022-12-20T11:26:26","date_gmt":"2022-12-20T11:26:26","guid":{"rendered":"https:\/\/cicero-management-akademie.de\/?post_type=product&#038;p=7642"},"modified":"2026-02-21T00:26:57","modified_gmt":"2026-02-21T00:26:57","slug":"intimes-confidences-je-taime-comme-tu-es","status":"publish","type":"product","link":"https:\/\/cicero-management-akademie.de\/en\/produkt\/intimes-confidences-je-taime-comme-tu-es\/","title":{"rendered":"Intimes confidences: \u00ab Je t\u2019aime comme tu es \u00bb"},"content":{"rendered":"<p><span style=\"vertical-align: inherit;\">En achetant ce livre pour se faire plaisir ou pour offrir, vous soutenez mon engagement en faveur des plus d\u00e9munis. Je reverse les b\u00e9n\u00e9fices de ce livre \u00e0 la Fondation AMAN-International (FAI) pour donner la priorit\u00e9 \u00e0 l&rsquo;aide aux enfants d\u00e9favoris\u00e9s et aux jeunes filles sans emploi en Afrique. Nous vous remercions d&rsquo;avance pour votre contribution. Bonne lecture! Dr Marie Ginette AMANI-FRIDRICH, PhD<\/span><\/p>\n<p><span style=\"vertical-align: inherit;\">En achetant ce livre pour vous faire plaisir ou pour l&rsquo;offrir en cadeau, vous soutenez mon engagement en faveur des plus d\u00e9munis. Je reverse les b\u00e9n\u00e9fices de cet ouvrage \u00e0 la Fondation AMAN-International (FAI) d&rsquo;aide aux enfants d\u00e9sh\u00e9rit\u00e9s et aux jeunes filles d\u00e9s\u0153uvr\u00e9es en Afrique, en priorit\u00e9. Je vous remercie par avance pour votre contribution. Conf\u00e9rence de Bonn\u00a0! Dr Marie Ginette AMANI-FRIDRICH, PhD<\/span><\/p>\n<p><span style=\"vertical-align: inherit;\">L&rsquo;\u00e9crivain Dr. Marie Ginette AMANI-FRIDRICH a \u00e9t\u00e9 r\u00e9compens\u00e9e pour sa premi\u00e8re nouvelle, Je t&rsquo;aime comme tu es, publi\u00e9e dans la collection 2004 Intimes Confidence. Sa deuxi\u00e8me production, son roman intitul\u00e9 Alliance, est adapt\u00e9e et publi\u00e9e en 2007. Par la suite, sous son pseudonyme Marie Hanania, elle publie le volume de po\u00e9sie \u00ab\u00a0Inintelligible Galimatias\u00a0\u00bb (2019), l&rsquo;ouvrage scientifique \u00ab\u00a0L&rsquo;Histoire d&rsquo;une Fibre\u00a0\u00bb (2020), l&rsquo;ouvrage historique et photographique \u00ab\u00a0Collections de nos Textiles &#8211; Tiss\u00e9s traditionnels&#8230;\u00a0\u00bb. (2020), \u00ab\u00a0L&rsquo;Humanitaire est un \u00e9lan naturel du C\u0153ur\u00a0\u00bb (2021) et bien d&rsquo;autres livres et albums de musique \u00e0 venir. Dr Marie Ginette Amani-Fridrich \u00ab\u00a0&#8230;s&rsquo;est fait un nom gr\u00e2ce \u00e0 Dieu !\u00a0\u00bb elle admet.<\/span><\/p>","protected":false},"excerpt":{"rendered":"<p>En achetant ce livre pour se faire plaisir ou pour offrir, vous soutenez mon engagement en faveur des plus d\u00e9munis. Je reverse les b\u00e9n\u00e9fices de ce livre \u00e0 la Fondation AMAN-International (FAI) pour donner la priorit\u00e9 \u00e0 l&rsquo;aide aux enfants d\u00e9favoris\u00e9s et aux jeunes filles sans emploi en Afrique. Nous vous remercions d&rsquo;avance pour votre [&hellip;]<\/p>","protected":false},"featured_media":7643,"comment_status":"open","ping_status":"closed","template":"","meta":{"pmpro_default_level":0},"product_cat":[281,318],"product_tag":[],"yoast_head":"<!-- This site is optimized with the Yoast SEO plugin v21.7 - https:\/\/yoast.com\/wordpress\/plugins\/seo\/ -->\n<title>Intimes confidences: \u00ab Je t\u2019aime comme tu es \u00bb - CiceroManagementAkademie<\/title>\n<meta name=\"description\" content=\"Intimes confidences: \u00ab Je t\u2019aime comme tu es \u00bb\" \/>\n<meta name=\"robots\" content=\"index, follow, max-snippet:-1, max-image-preview:large, max-video-preview:-1\" \/>\n<link rel=\"canonical\" href=\"https:\/\/cicero-management-akademie.de\/en\/produkt\/intimes-confidences-je-taime-comme-tu-es\/\" \/>\n<meta property=\"og:locale\" content=\"en_US\" \/>\n<meta property=\"og:type\" content=\"article\" \/>\n<meta property=\"og:title\" content=\"Intimes confidences: \u00ab Je t\u2019aime comme tu es \u00bb - CiceroManagementAkademie\" \/>\n<meta property=\"og:description\" content=\"Intimes confidences: \u00ab Je t\u2019aime comme tu es \u00bb\" \/>\n<meta property=\"og:url\" content=\"https:\/\/cicero-management-akademie.de\/en\/produkt\/intimes-confidences-je-taime-comme-tu-es\/\" \/>\n<meta property=\"og:site_name\" content=\"CiceroManagementAkademie\" \/>\n<meta property=\"article:modified_time\" content=\"2026-02-21T00:26:57+00:00\" \/>\n<meta property=\"og:image\" content=\"https:\/\/cicero-management-akademie.de\/wp-content\/uploads\/2022\/12\/Intimes_Confidences_buch_mockup-1.jpg\" \/>\n\t<meta property=\"og:image:width\" content=\"600\" \/>\n\t<meta property=\"og:image:height\" content=\"600\" \/>\n\t<meta property=\"og:image:type\" content=\"image\/jpeg\" \/>\n<meta name=\"twitter:card\" content=\"summary_large_image\" \/>\n<meta name=\"twitter:label1\" content=\"Est. reading time\" \/>\n\t<meta name=\"twitter:data1\" content=\"2 minutes\" \/>\n<script type=\"application\/ld+json\" class=\"yoast-schema-graph\">{\"@context\":\"https:\/\/schema.org\",\"@graph\":[{\"@type\":\"WebPage\",\"@id\":\"https:\/\/cicero-management-akademie.de\/fr\/produkt\/intimes-confidences-je-taime-comme-tu-es\/\",\"url\":\"https:\/\/cicero-management-akademie.de\/fr\/produkt\/intimes-confidences-je-taime-comme-tu-es\/\",\"name\":\"Intimes confidences: \u00ab Je t\u2019aime comme tu es \u00bb - CiceroManagementAkademie\",\"isPartOf\":{\"@id\":\"https:\/\/cicero-management-akademie.de\/en\/#website\"},\"datePublished\":\"2022-12-20T11:26:26+00:00\",\"dateModified\":\"2026-02-21T00:26:57+00:00\",\"description\":\"Intimes confidences: \u00ab Je t\u2019aime comme tu es \u00bb\",\"breadcrumb\":{\"@id\":\"https:\/\/cicero-management-akademie.de\/fr\/produkt\/intimes-confidences-je-taime-comme-tu-es\/#breadcrumb\"},\"inLanguage\":\"en-US\",\"potentialAction\":[{\"@type\":\"ReadAction\",\"target\":[\"https:\/\/cicero-management-akademie.de\/fr\/produkt\/intimes-confidences-je-taime-comme-tu-es\/\"]}]},{\"@type\":\"BreadcrumbList\",\"@id\":\"https:\/\/cicero-management-akademie.de\/fr\/produkt\/intimes-confidences-je-taime-comme-tu-es\/#breadcrumb\",\"itemListElement\":[{\"@type\":\"ListItem\",\"position\":1,\"name\":\"Startseite\",\"item\":\"https:\/\/cicero-management-akademie.de\/en\/\"},{\"@type\":\"ListItem\",\"position\":2,\"name\":\"BOUTIQUE\",\"item\":\"https:\/\/cicero-management-akademie.de\/fr\/shop-2\/\"},{\"@type\":\"ListItem\",\"position\":3,\"name\":\"Intimes confidences: \u00ab Je t\u2019aime comme tu es \u00bb\"}]},{\"@type\":\"WebSite\",\"@id\":\"https:\/\/cicero-management-akademie.de\/en\/#website\",\"url\":\"https:\/\/cicero-management-akademie.de\/en\/\",\"name\":\"CiceroManagementAkademie\",\"description\":\"Akademie\",\"publisher\":{\"@id\":\"https:\/\/cicero-management-akademie.de\/en\/#organization\"},\"potentialAction\":[{\"@type\":\"SearchAction\",\"target\":{\"@type\":\"EntryPoint\",\"urlTemplate\":\"https:\/\/cicero-management-akademie.de\/en\/?s={search_term_string}\"},\"query-input\":\"required name=search_term_string\"}],\"inLanguage\":\"en-US\"},{\"@type\":\"Organization\",\"@id\":\"https:\/\/cicero-management-akademie.de\/en\/#organization\",\"name\":\"Cicero Management Akademie\",\"url\":\"https:\/\/cicero-management-akademie.de\/en\/\",\"logo\":{\"@type\":\"ImageObject\",\"inLanguage\":\"en-US\",\"@id\":\"https:\/\/cicero-management-akademie.de\/en\/#\/schema\/logo\/image\/\",\"url\":\"https:\/\/cicero-management-akademie.de\/wp-content\/uploads\/2022\/05\/logo-cicero.jpg\",\"contentUrl\":\"https:\/\/cicero-management-akademie.de\/wp-content\/uploads\/2022\/05\/logo-cicero.jpg\",\"width\":512,\"height\":236,\"caption\":\"Cicero Management Akademie\"},\"image\":{\"@id\":\"https:\/\/cicero-management-akademie.de\/en\/#\/schema\/logo\/image\/\"}}]}<\/script>\n<!-- \/ Yoast SEO plugin. -->","yoast_head_json":{"title":"Intimes confidences: \u00ab Je t\u2019aime comme tu es \u00bb - CiceroManagementAkademie","description":"Intimes confidences: \u00ab Je t\u2019aime comme tu es \u00bb","robots":{"index":"index","follow":"follow","max-snippet":"max-snippet:-1","max-image-preview":"max-image-preview:large","max-video-preview":"max-video-preview:-1"},"canonical":"https:\/\/cicero-management-akademie.de\/en\/produkt\/intimes-confidences-je-taime-comme-tu-es\/","og_locale":"en_US","og_type":"article","og_title":"Intimes confidences: \u00ab Je t\u2019aime comme tu es \u00bb - CiceroManagementAkademie","og_description":"Intimes confidences: \u00ab Je t\u2019aime comme tu es \u00bb","og_url":"https:\/\/cicero-management-akademie.de\/en\/produkt\/intimes-confidences-je-taime-comme-tu-es\/","og_site_name":"CiceroManagementAkademie","article_modified_time":"2026-02-21T00:26:57+00:00","og_image":[{"width":600,"height":600,"url":"https:\/\/cicero-management-akademie.de\/wp-content\/uploads\/2022\/12\/Intimes_Confidences_buch_mockup-1.jpg","type":"image\/jpeg"}],"twitter_card":"summary_large_image","twitter_misc":{"Est. reading time":"2 minutes"},"schema":{"@context":"https:\/\/schema.org","@graph":[{"@type":"WebPage","@id":"https:\/\/cicero-management-akademie.de\/fr\/produkt\/intimes-confidences-je-taime-comme-tu-es\/","url":"https:\/\/cicero-management-akademie.de\/fr\/produkt\/intimes-confidences-je-taime-comme-tu-es\/","name":"Intimes confidences: \u00ab Je t\u2019aime comme tu es \u00bb - CiceroManagementAkademie","isPartOf":{"@id":"https:\/\/cicero-management-akademie.de\/en\/#website"},"datePublished":"2022-12-20T11:26:26+00:00","dateModified":"2026-02-21T00:26:57+00:00","description":"Intimes confidences: \u00ab Je t\u2019aime comme tu es \u00bb","breadcrumb":{"@id":"https:\/\/cicero-management-akademie.de\/fr\/produkt\/intimes-confidences-je-taime-comme-tu-es\/#breadcrumb"},"inLanguage":"en-US","potentialAction":[{"@type":"ReadAction","target":["https:\/\/cicero-management-akademie.de\/fr\/produkt\/intimes-confidences-je-taime-comme-tu-es\/"]}]},{"@type":"BreadcrumbList","@id":"https:\/\/cicero-management-akademie.de\/fr\/produkt\/intimes-confidences-je-taime-comme-tu-es\/#breadcrumb","itemListElement":[{"@type":"ListItem","position":1,"name":"Startseite","item":"https:\/\/cicero-management-akademie.de\/en\/"},{"@type":"ListItem","position":2,"name":"BOUTIQUE","item":"https:\/\/cicero-management-akademie.de\/fr\/shop-2\/"},{"@type":"ListItem","position":3,"name":"Intimes confidences: \u00ab Je t\u2019aime comme tu es \u00bb"}]},{"@type":"WebSite","@id":"https:\/\/cicero-management-akademie.de\/en\/#website","url":"https:\/\/cicero-management-akademie.de\/en\/","name":"CiceroManagementAkademie","description":"Akademie","publisher":{"@id":"https:\/\/cicero-management-akademie.de\/en\/#organization"},"potentialAction":[{"@type":"SearchAction","target":{"@type":"EntryPoint","urlTemplate":"https:\/\/cicero-management-akademie.de\/en\/?s={search_term_string}"},"query-input":"required name=search_term_string"}],"inLanguage":"en-US"},{"@type":"Organization","@id":"https:\/\/cicero-management-akademie.de\/en\/#organization","name":"Cicero Management Akademie","url":"https:\/\/cicero-management-akademie.de\/en\/","logo":{"@type":"ImageObject","inLanguage":"en-US","@id":"https:\/\/cicero-management-akademie.de\/en\/#\/schema\/logo\/image\/","url":"https:\/\/cicero-management-akademie.de\/wp-content\/uploads\/2022\/05\/logo-cicero.jpg","contentUrl":"https:\/\/cicero-management-akademie.de\/wp-content\/uploads\/2022\/05\/logo-cicero.jpg","width":512,"height":236,"caption":"Cicero Management Akademie"},"image":{"@id":"https:\/\/cicero-management-akademie.de\/en\/#\/schema\/logo\/image\/"}}]}},"_links":{"self":[{"href":"https:\/\/cicero-management-akademie.de\/en\/wp-json\/wp\/v2\/product\/7642"}],"collection":[{"href":"https:\/\/cicero-management-akademie.de\/en\/wp-json\/wp\/v2\/product"}],"about":[{"href":"https:\/\/cicero-management-akademie.de\/en\/wp-json\/wp\/v2\/types\/product"}],"replies":[{"embeddable":true,"href":"https:\/\/cicero-management-akademie.de\/en\/wp-json\/wp\/v2\/comments?post=7642"}],"version-history":[{"count":0,"href":"https:\/\/cicero-management-akademie.de\/en\/wp-json\/wp\/v2\/product\/7642\/revisions"}],"wp:featuredmedia":[{"embeddable":true,"href":"https:\/\/cicero-management-akademie.de\/en\/wp-json\/wp\/v2\/media\/7643"}],"wp:attachment":[{"href":"https:\/\/cicero-management-akademie.de\/en\/wp-json\/wp\/v2\/media?parent=7642"}],"wp:term":[{"taxonomy":"product_cat","embeddable":true,"href":"https:\/\/cicero-management-akademie.de\/en\/wp-json\/wp\/v2\/product_cat?post=7642"},{"taxonomy":"product_tag","embeddable":true,"href":"https:\/\/cicero-management-akademie.de\/en\/wp-json\/wp\/v2\/product_tag?post=7642"}],"curies":[{"name":"wp","href":"https:\/\/api.w.org\/{rel}","templated":true}]}}